{"id":130,"date":"2025-08-29T11:47:15","date_gmt":"2025-08-29T11:47:15","guid":{"rendered":"https:\/\/accescity.accesia.info\/?page_id=130"},"modified":"2025-10-09T08:31:15","modified_gmt":"2025-10-09T06:31:15","slug":"eventos","status":"publish","type":"page","link":"https:\/\/accescity.accesia.info\/eu\/eventos\/","title":{"rendered":"Ekitaldiak"},"content":{"rendered":"<!--themify_builder_content-->\n<div id=\"themify_builder_content-130\" data-postid=\"130\" class=\"themify_builder_content themify_builder_content-130 themify_builder tf_clear\">\n                    <div  data-lazy=\"1\" class=\"module_row themify_builder_row tb_dn34044 tb_first tf_w\">\n            <span  class=\"builder_row_cover tf_abs\" data-lazy=\"1\"><\/span>            <div class=\"row_inner col_align_top tb_col_count_1 tf_box tf_rel\">\n                        <div  data-lazy=\"1\" class=\"module_column tb-column col-full tb_csry000 first\">\n                    <!-- module text -->\n<div  class=\"module module-text tb_timo440\" data-lazy=\"1\">\n        <div  class=\"tb_text_wrap\">\n        <h1>Ekitaldiak<\/h1>    <\/div>\n<\/div>\n<!-- \/module text -->        <\/div>\n                        <\/div>\n        <\/div>\n                        <div  data-lazy=\"1\" class=\"module_row themify_builder_row tb_2gim000 tf_w\">\n                        <div class=\"row_inner col_align_top tb_col_count_1 tf_box tf_rel\">\n                        <div  data-lazy=\"1\" class=\"module_column tb-column col-full tb_jfdl044 first\">\n                            <div  data-lazy=\"1\" class=\"module_subrow themify_builder_sub_row tf_w col_align_top tb_col_count_2 tb_c3h4040\">\n                <div  data-lazy=\"1\" class=\"module_column sub_column tb_siwq700 first\">\n                    <!-- module text -->\n<div  class=\"module module-text tb_c8oj088\" data-lazy=\"1\">\n        <div  class=\"tb_text_wrap\">\n        <h2>Ekitaldiak<\/h2>\n<p>Atal honetan Plazaola\u2013Sakana\u2013Ultzamaldeako Irisgarritasun Planarekin lotutako jarduera, hitzaldi eta formakuntzei buruzko informazio guztia izango duzu.<\/p>    <\/div>\n<\/div>\n<!-- \/module text -->        <\/div>\n                    <div  data-lazy=\"1\" class=\"module_column sub_column tb_g21n404 last\">\n                    <!-- module image -->\n<div  class=\"module module-image tb_65w8437 image-top rounded drop-shadow  tf_mw\" data-lazy=\"1\">\n        <div class=\"image-wrap tf_rel tf_mw\">\n            <img loading=\"lazy\" decoding=\"async\" width=\"1800\" height=\"1200\" src=\"https:\/\/accescity.accesia.info\/wp-content\/uploads\/2020\/05\/Formacion.png\" class=\"wp-post-image wp-image-470\" title=\"Personas asistiendo a una conferencia en un auditorio, con una ponente en el escenario y una pantalla de presentaci\u00f3n proyectada al fondo.\" alt=\"Personas asistiendo a una conferencia en un auditorio, con una ponente en el escenario y una pantalla de presentaci\u00f3n proyectada al fondo.\" srcset=\"https:\/\/accescity.accesia.info\/wp-content\/uploads\/2020\/05\/Formacion.png 1800w, https:\/\/accescity.accesia.info\/wp-content\/uploads\/2020\/05\/Formacion-300x200.png 300w, https:\/\/accescity.accesia.info\/wp-content\/uploads\/2020\/05\/Formacion-1024x683.png 1024w, https:\/\/accescity.accesia.info\/wp-content\/uploads\/2020\/05\/Formacion-768x512.png 768w, https:\/\/accescity.accesia.info\/wp-content\/uploads\/2020\/05\/Formacion-1536x1024.png 1536w, https:\/\/accescity.accesia.info\/wp-content\/uploads\/2020\/05\/Formacion-18x12.png 18w, https:\/\/accescity.accesia.info\/wp-content\/uploads\/2020\/05\/Formacion-1024x683-560x373.png 560w\" sizes=\"auto, (max-width: 1800px) 100vw, 1800px\" \/>    \n        <\/div>\n    <!-- \/image-wrap -->\n    \n        <\/div>\n<!-- \/module image -->        <\/div>\n                    <\/div>\n                <\/div>\n                        <\/div>\n        <\/div>\n                        <div  data-lazy=\"1\" class=\"module_row themify_builder_row tb_lm7r806 tf_w\">\n                        <div class=\"row_inner col_align_top tb_col_count_1 tf_box tf_rel\">\n                        <div  data-lazy=\"1\" class=\"module_column tb-column col-full tb_fntr806 first\">\n                    <!-- module text -->\n<div  class=\"module module-text tb_0mah806\" data-lazy=\"1\">\n        <div  class=\"tb_text_wrap\">\n        <h2>Hurrengo ekitaldiak<\/h2>\n<p>Parte hartu gure jardueretan eta ekitaldietan<\/p>    <\/div>\n<\/div>\n<!-- \/module text -->        <div  data-lazy=\"1\" class=\"module_subrow themify_builder_sub_row tf_w col_align_top tb_col_count_1 tb_5u90350\">\n                <div  data-lazy=\"1\" class=\"module_column sub_column col-full tb_kt9k350 first\">\n                    <!-- module post -->\n<div  class=\"module module-post tb_gznl350\">\n    <div  class=\"builder-posts-wrap loops-wrapper grid3 tf_clear tf_clearfix\" data-lazy=\"1\">\n    <article id=\"post-792\" class=\"post tf_clearfix post-792 type-post status-publish format-standard has-post-thumbnail hentry category-evento has-post-title has-post-date has-post-category has-post-tag has-post-comment no-post-author\">\n\t    \n\t                <figure class=\"post-image tf_clearfix\">\n                                                            <a href=\"https:\/\/accescity.accesia.info\/eu\/jornada-de-turismo-accesible\/\">\n                                        <img loading=\"lazy\" decoding=\"async\" width=\"1800\" height=\"1200\" src=\"https:\/\/accescity.accesia.info\/wp-content\/uploads\/2020\/05\/Formacion.png\" class=\"wp-post-image wp-image-470\" title=\"Personas asistiendo a una conferencia en un auditorio, con una ponente en el escenario y una pantalla de presentaci\u00f3n proyectada al fondo.\" alt=\"Personas asistiendo a una conferencia en un auditorio, con una ponente en el escenario y una pantalla de presentaci\u00f3n proyectada al fondo.\" srcset=\"https:\/\/accescity.accesia.info\/wp-content\/uploads\/2020\/05\/Formacion.png 1800w, https:\/\/accescity.accesia.info\/wp-content\/uploads\/2020\/05\/Formacion-300x200.png 300w, https:\/\/accescity.accesia.info\/wp-content\/uploads\/2020\/05\/Formacion-1024x683.png 1024w, https:\/\/accescity.accesia.info\/wp-content\/uploads\/2020\/05\/Formacion-768x512.png 768w, https:\/\/accescity.accesia.info\/wp-content\/uploads\/2020\/05\/Formacion-1536x1024.png 1536w, https:\/\/accescity.accesia.info\/wp-content\/uploads\/2020\/05\/Formacion-18x12.png 18w, https:\/\/accescity.accesia.info\/wp-content\/uploads\/2020\/05\/Formacion-1024x683-560x373.png 560w\" sizes=\"auto, (max-width: 1800px) 100vw, 1800px\" \/>                                                                    <\/a>\n                                                                <\/figure>\n                    \t<div class=\"post-content\">\n\t\t<div class=\"post-content-inner\">\n\n\t\t\t\t\t\t\t\t<div class=\"post-date-wrap post-date-inline\">\n\t\t<time class=\"post-date entry-date updated\" datetime=\"2025-10-07\">\n\t\t\t\t\t<span class=\"year\">7 urria, 2025<\/span>\n\t\t\t\t<\/time>\n\t<\/div><!-- .post-date-wrap -->\n\t\t\t\t\n\t\t\t<h2 class=\"post-title entry-title\"><a href=\"https:\/\/accescity.accesia.info\/eu\/jornada-de-turismo-accesible\/\">Turismo Irisgarriari buruzko Jardunaldia<\/a><\/h2>\n\t\t\t\t\t\t\t<p class=\"post-meta entry-meta\">\n\t\t\t\t\t\n\t\t\t\t\t<span class=\"post-category\"><a href=\"https:\/\/accescity.accesia.info\/eu\/category\/evento\/\" rel=\"tag\" class=\"term-evento\">Evento<\/a><\/span>\n\t\t\t\t\t\t\t\t\t\t\t\t\t\t\t\t\n\t\t\t\t\t\t\t\t\t<\/p>\n\t\t\t\t<!-- \/post-meta -->\n\t\t\t\n\t\t\t\n\t\t\t        <div class=\"entry-content\">\n\n        \n            <p>Datorren urriaren 29an, Turismo Irisgarriari buruzko Jardunaldia egingo dugu Iortia Kultur Gunean, Altsasun, Cederna Garalurrek antolatuta Accesscityrekin batera,  Helmugako Irisgarritasun Planaren barruan, Europar Batasunak finantzatuta \u2013 Next Generation EU.<\/p>\n\n                \n            \n        <\/div><!-- \/.entry-content -->\n        \n\t\t<\/div>\n\t\t<!-- \/.post-content-inner -->\n\t<\/div>\n\t<!-- \/.post-content -->\n\t\n<\/article>\n<!-- \/.post -->\n    <\/div><!-- .builder-posts-wrap -->\n                                                <\/div>\n<!-- \/module post -->\n            <\/div>\n                    <\/div>\n                <\/div>\n                        <\/div>\n        <\/div>\n        <\/div>\n<!--\/themify_builder_content-->\n\n\n<p><\/p>","protected":false},"excerpt":{"rendered":"","protected":false},"author":1,"featured_media":0,"parent":0,"menu_order":0,"comment_status":"closed","ping_status":"closed","template":"","meta":{"footnotes":""},"class_list":["post-130","page","type-page","status-publish","hentry","has-post-title","has-post-date","has-post-category","has-post-tag","has-post-comment","has-post-author",""],"yoast_head":"<!-- This site is optimized with the Yoast SEO plugin v26.4 - https:\/\/yoast.com\/wordpress\/plugins\/seo\/ -->\n<title>Eventos - Cederna Garalur<\/title>\n<meta name=\"robots\" content=\"noindex, follow, max-snippet:-1, max-image-preview:large, max-video-preview:-1\" \/>\n<meta property=\"og:locale\" content=\"en_US\" \/>\n<meta property=\"og:type\" content=\"article\" \/>\n<meta property=\"og:title\" content=\"Eventos - Cederna Garalur\" \/>\n<meta property=\"og:url\" content=\"https:\/\/accescity.accesia.info\/eu\/eventos\/\" \/>\n<meta property=\"og:site_name\" content=\"Cederna Garalur\" \/>\n<meta property=\"article:modified_time\" content=\"2025-10-09T06:31:15+00:00\" \/>\n<meta property=\"og:image\" content=\"https:\/\/accescity.accesia.info\/wp-content\/uploads\/2020\/05\/Formacion-1024x683.png\" \/>\n\t<meta property=\"og:image:width\" content=\"1024\" \/>\n\t<meta property=\"og:image:height\" content=\"683\" \/>\n\t<meta property=\"og:image:type\" content=\"image\/png\" \/>\n<meta name=\"twitter:card\" content=\"summary_large_image\" \/>\n<meta name=\"twitter:label1\" content=\"Est. reading time\" \/>\n\t<meta name=\"twitter:data1\" content=\"7 minutua\" \/>\n<script type=\"application\/ld+json\" class=\"yoast-schema-graph\">{\"@context\":\"https:\/\/schema.org\",\"@graph\":[{\"@type\":\"WebPage\",\"@id\":\"https:\/\/accescity.accesia.info\/eventos\/\",\"url\":\"https:\/\/accescity.accesia.info\/eventos\/\",\"name\":\"Eventos - Cederna Garalur\",\"isPartOf\":{\"@id\":\"https:\/\/accescity.accesia.info\/#website\"},\"primaryImageOfPage\":{\"@id\":\"https:\/\/accescity.accesia.info\/eventos\/#primaryimage\"},\"image\":{\"@id\":\"https:\/\/accescity.accesia.info\/eventos\/#primaryimage\"},\"thumbnailUrl\":\"https:\/\/accescity.accesia.info\/wp-content\/uploads\/2020\/05\/Formacion.png\",\"datePublished\":\"2025-08-29T11:47:15+00:00\",\"dateModified\":\"2025-10-09T06:31:15+00:00\",\"breadcrumb\":{\"@id\":\"https:\/\/accescity.accesia.info\/eventos\/#breadcrumb\"},\"inLanguage\":\"eu\",\"potentialAction\":[{\"@type\":\"ReadAction\",\"target\":[\"https:\/\/accescity.accesia.info\/eventos\/\"]}]},{\"@type\":\"ImageObject\",\"inLanguage\":\"eu\",\"@id\":\"https:\/\/accescity.accesia.info\/eventos\/#primaryimage\",\"url\":\"https:\/\/accescity.accesia.info\/wp-content\/uploads\/2020\/05\/Formacion.png\",\"contentUrl\":\"https:\/\/accescity.accesia.info\/wp-content\/uploads\/2020\/05\/Formacion.png\"},{\"@type\":\"BreadcrumbList\",\"@id\":\"https:\/\/accescity.accesia.info\/eventos\/#breadcrumb\",\"itemListElement\":[{\"@type\":\"ListItem\",\"position\":1,\"name\":\"Portada\",\"item\":\"https:\/\/accescity.accesia.info\/\"},{\"@type\":\"ListItem\",\"position\":2,\"name\":\"Eventos\"}]},{\"@type\":\"WebSite\",\"@id\":\"https:\/\/accescity.accesia.info\/#website\",\"url\":\"https:\/\/accescity.accesia.info\/\",\"name\":\"Cederna Garalur\",\"description\":\"Plazaola \u2013 Sakana \u2013 Ultzamaldea da un paso m\u00e1s hacia la accesibilidad con un plan que busca convertir el territorio en un referente de turismo inclusivo, sostenible y aut\u00e9ntico. Un proyecto abierto a instituciones, empresas y ciudadan\u00eda para que nadie se quede atr\u00e1s.\",\"potentialAction\":[{\"@type\":\"SearchAction\",\"target\":{\"@type\":\"EntryPoint\",\"urlTemplate\":\"https:\/\/accescity.accesia.info\/?s={search_term_string}\"},\"query-input\":{\"@type\":\"PropertyValueSpecification\",\"valueRequired\":true,\"valueName\":\"search_term_string\"}}],\"inLanguage\":\"eu\"}]}<\/script>\n<!-- \/ Yoast SEO plugin. -->","yoast_head_json":{"title":"Eventos - Cederna Garalur","robots":{"index":"noindex","follow":"follow","max-snippet":"max-snippet:-1","max-image-preview":"max-image-preview:large","max-video-preview":"max-video-preview:-1"},"og_locale":"en_US","og_type":"article","og_title":"Eventos - Cederna Garalur","og_url":"https:\/\/accescity.accesia.info\/eu\/eventos\/","og_site_name":"Cederna Garalur","article_modified_time":"2025-10-09T06:31:15+00:00","og_image":[{"width":1024,"height":683,"url":"https:\/\/accescity.accesia.info\/wp-content\/uploads\/2020\/05\/Formacion-1024x683.png","type":"image\/png"}],"twitter_card":"summary_large_image","twitter_misc":{"Est. reading time":"7 minutua"},"schema":{"@context":"https:\/\/schema.org","@graph":[{"@type":"WebPage","@id":"https:\/\/accescity.accesia.info\/eventos\/","url":"https:\/\/accescity.accesia.info\/eventos\/","name":"Eventos - Cederna Garalur","isPartOf":{"@id":"https:\/\/accescity.accesia.info\/#website"},"primaryImageOfPage":{"@id":"https:\/\/accescity.accesia.info\/eventos\/#primaryimage"},"image":{"@id":"https:\/\/accescity.accesia.info\/eventos\/#primaryimage"},"thumbnailUrl":"https:\/\/accescity.accesia.info\/wp-content\/uploads\/2020\/05\/Formacion.png","datePublished":"2025-08-29T11:47:15+00:00","dateModified":"2025-10-09T06:31:15+00:00","breadcrumb":{"@id":"https:\/\/accescity.accesia.info\/eventos\/#breadcrumb"},"inLanguage":"eu","potentialAction":[{"@type":"ReadAction","target":["https:\/\/accescity.accesia.info\/eventos\/"]}]},{"@type":"ImageObject","inLanguage":"eu","@id":"https:\/\/accescity.accesia.info\/eventos\/#primaryimage","url":"https:\/\/accescity.accesia.info\/wp-content\/uploads\/2020\/05\/Formacion.png","contentUrl":"https:\/\/accescity.accesia.info\/wp-content\/uploads\/2020\/05\/Formacion.png"},{"@type":"BreadcrumbList","@id":"https:\/\/accescity.accesia.info\/eventos\/#breadcrumb","itemListElement":[{"@type":"ListItem","position":1,"name":"Portada","item":"https:\/\/accescity.accesia.info\/"},{"@type":"ListItem","position":2,"name":"Eventos"}]},{"@type":"WebSite","@id":"https:\/\/accescity.accesia.info\/#website","url":"https:\/\/accescity.accesia.info\/","name":"Cederna Garalur","description":"Plazaola\u2013Sakana\u2013Ultzamaldea irisgarritasunaren aldeko beste urrats bat ematen ari da, eskualdea turismo inklusibo, jasangarri eta benetakoaren erreferente bihurtzeko plan batekin. Proiektu hau erakunde, enpresa eta herritarrentzat irekita dago, inor atzean geratu ez dadin.","potentialAction":[{"@type":"SearchAction","target":{"@type":"EntryPoint","urlTemplate":"https:\/\/accescity.accesia.info\/?s={search_term_string}"},"query-input":{"@type":"PropertyValueSpecification","valueRequired":true,"valueName":"search_term_string"}}],"inLanguage":"eu"}]}},"builder_content":"<h1>Eventos<\/h1>\n<h2>Eventos<\/h2> <p>En este apartado encontrar\u00e1s toda la informaci\u00f3n sobre las actividades, jornadas y formaciones relacionadas con el Plan de Accesibilidad de Plazaola- Sakana-Utzamaldea.<\/p>\n<img src=\"https:\/\/accescity.accesia.info\/wp-content\/uploads\/2020\/05\/Formacion.png\" title=\"Personas asistiendo a una conferencia en un auditorio, con una ponente en el escenario y una pantalla de presentaci\u00f3n proyectada al fondo.\" alt=\"Personas asistiendo a una conferencia en un auditorio, con una ponente en el escenario y una pantalla de presentaci\u00f3n proyectada al fondo.\" srcset=\"https:\/\/accescity.accesia.info\/wp-content\/uploads\/2020\/05\/Formacion.png 1800w, https:\/\/accescity.accesia.info\/wp-content\/uploads\/2020\/05\/Formacion-300x200.png 300w, https:\/\/accescity.accesia.info\/wp-content\/uploads\/2020\/05\/Formacion-1024x683.png 1024w, https:\/\/accescity.accesia.info\/wp-content\/uploads\/2020\/05\/Formacion-768x512.png 768w, https:\/\/accescity.accesia.info\/wp-content\/uploads\/2020\/05\/Formacion-1536x1024.png 1536w, https:\/\/accescity.accesia.info\/wp-content\/uploads\/2020\/05\/Formacion-18x12.png 18w, https:\/\/accescity.accesia.info\/wp-content\/uploads\/2020\/05\/Formacion-1024x683-560x373.png 560w\" sizes=\"(max-width: 1800px) 100vw, 1800px\" \/>\n<h2>Pr\u00f3ximos eventos<\/h2> <p>Participa en nuestras actividades y eventos<\/p>\n<h2>Pr\u00f3ximos eventos<\/h2> <p>Participa en nuestras actividades y eventos<\/p>\n<img src=\"https:\/\/accescity.accesia.info\/wp-content\/uploads\/2020\/05\/Formacion.png\" title=\"Pr\u00f3ximamente\" alt=\"Pr\u00f3ximamente\" srcset=\"https:\/\/accescity.accesia.info\/wp-content\/uploads\/2020\/05\/Formacion.png 1800w, https:\/\/accescity.accesia.info\/wp-content\/uploads\/2020\/05\/Formacion-300x200.png 300w, https:\/\/accescity.accesia.info\/wp-content\/uploads\/2020\/05\/Formacion-1024x683.png 1024w, https:\/\/accescity.accesia.info\/wp-content\/uploads\/2020\/05\/Formacion-768x512.png 768w, https:\/\/accescity.accesia.info\/wp-content\/uploads\/2020\/05\/Formacion-1536x1024.png 1536w, https:\/\/accescity.accesia.info\/wp-content\/uploads\/2020\/05\/Formacion-18x12.png 18w, https:\/\/accescity.accesia.info\/wp-content\/uploads\/2020\/05\/Formacion-1024x683-560x373.png 560w\" sizes=\"(max-width: 1800px) 100vw, 1800px\" \/> <h3> Pr\u00f3ximamente <\/h3>\n<a href=\"https:\/\/themify.me\/\" > <em><svg aria-hidden=\"true\"><use href=\"#tf-ti-arrow-right\"><\/use><\/svg><\/em> Inscr\u00edbete <\/a>\n<img src=\"https:\/\/accescity.accesia.info\/wp-content\/uploads\/2020\/05\/Jornada-1024x683-360x240.png\" width=\"360\" height=\"240\" title=\"Pr\u00f3ximamente\" alt=\"Muy pronto publicaremos aqu\u00ed los primeros eventos con sus fechas, lugares e instrucciones de inscripci\u00f3n.\" srcset=\"https:\/\/accescity.accesia.info\/wp-content\/uploads\/2020\/05\/Jornada-1024x683-360x240.png 360w, https:\/\/accescity.accesia.info\/wp-content\/uploads\/2020\/05\/Jornada-300x200.png 300w, https:\/\/accescity.accesia.info\/wp-content\/uploads\/2020\/05\/Jornada-1024x683.png 1024w, https:\/\/accescity.accesia.info\/wp-content\/uploads\/2020\/05\/Jornada-768x512.png 768w, https:\/\/accescity.accesia.info\/wp-content\/uploads\/2020\/05\/Jornada-1536x1024.png 1536w, https:\/\/accescity.accesia.info\/wp-content\/uploads\/2020\/05\/Jornada-18x12.png 18w, https:\/\/accescity.accesia.info\/wp-content\/uploads\/2020\/05\/Jornada.png 1800w\" sizes=\"(max-width: 360px) 100vw, 360px\" \/> <h3> Pr\u00f3ximamente <\/h3> Muy pronto publicaremos aqu\u00ed los primeros eventos con sus fechas, lugares e instrucciones de inscripci\u00f3n.\n<a href=\"https:\/\/themify.me\/\" > <em><svg aria-hidden=\"true\"><use href=\"#tf-ti-arrow-right\"><\/use><\/svg><\/em> Inscr\u00edbete <\/a>\n<img src=\"https:\/\/accescity.accesia.info\/wp-content\/uploads\/2020\/05\/Jornada-1024x683-360x240.png\" width=\"360\" height=\"240\" title=\"Pr\u00f3ximamente\" alt=\"Muy pronto publicaremos aqu\u00ed los primeros eventos con sus fechas, lugares e instrucciones de inscripci\u00f3n.\" srcset=\"https:\/\/accescity.accesia.info\/wp-content\/uploads\/2020\/05\/Jornada-1024x683-360x240.png 360w, https:\/\/accescity.accesia.info\/wp-content\/uploads\/2020\/05\/Jornada-300x200.png 300w, https:\/\/accescity.accesia.info\/wp-content\/uploads\/2020\/05\/Jornada-1024x683.png 1024w, https:\/\/accescity.accesia.info\/wp-content\/uploads\/2020\/05\/Jornada-768x512.png 768w, https:\/\/accescity.accesia.info\/wp-content\/uploads\/2020\/05\/Jornada-1536x1024.png 1536w, https:\/\/accescity.accesia.info\/wp-content\/uploads\/2020\/05\/Jornada-18x12.png 18w, https:\/\/accescity.accesia.info\/wp-content\/uploads\/2020\/05\/Jornada.png 1800w\" sizes=\"(max-width: 360px) 100vw, 360px\" \/> <h3> Pr\u00f3ximamente <\/h3> Muy pronto publicaremos aqu\u00ed los primeros eventos con sus fechas, lugares e instrucciones de inscripci\u00f3n.\n<a href=\"https:\/\/themify.me\/\" > <em><svg aria-hidden=\"true\"><use href=\"#tf-ti-arrow-right\"><\/use><\/svg><\/em> Inscr\u00edbete <\/a>","_links":{"self":[{"href":"https:\/\/accescity.accesia.info\/eu\/wp-json\/wp\/v2\/pages\/130","targetHints":{"allow":["GET"]}}],"collection":[{"href":"https:\/\/accescity.accesia.info\/eu\/wp-json\/wp\/v2\/pages"}],"about":[{"href":"https:\/\/accescity.accesia.info\/eu\/wp-json\/wp\/v2\/types\/page"}],"author":[{"embeddable":true,"href":"https:\/\/accescity.accesia.info\/eu\/wp-json\/wp\/v2\/users\/1"}],"replies":[{"embeddable":true,"href":"https:\/\/accescity.accesia.info\/eu\/wp-json\/wp\/v2\/comments?post=130"}],"version-history":[{"count":80,"href":"https:\/\/accescity.accesia.info\/eu\/wp-json\/wp\/v2\/pages\/130\/revisions"}],"predecessor-version":[{"id":888,"href":"https:\/\/accescity.accesia.info\/eu\/wp-json\/wp\/v2\/pages\/130\/revisions\/888"}],"wp:attachment":[{"href":"https:\/\/accescity.accesia.info\/eu\/wp-json\/wp\/v2\/media?parent=130"}],"curies":[{"name":"wp","href":"https:\/\/api.w.org\/{rel}","templated":true}]}}