{"id":156,"date":"2025-09-10T13:37:58","date_gmt":"2025-09-10T13:37:58","guid":{"rendered":"https:\/\/accescity.accesia.info\/sobre-el-plan-copy\/"},"modified":"2025-09-22T16:43:12","modified_gmt":"2025-09-22T14:43:12","slug":"participa","status":"publish","type":"page","link":"https:\/\/accescity.accesia.info\/eu\/participa\/","title":{"rendered":"Parte hartu"},"content":{"rendered":"<!--themify_builder_content-->\n<div id=\"themify_builder_content-156\" data-postid=\"156\" class=\"themify_builder_content themify_builder_content-156 themify_builder tf_clear\">\n                    <div  data-lazy=\"1\" class=\"module_row themify_builder_row tb_nevg002 tb_first tf_w\">\n            <span  class=\"builder_row_cover tf_abs\" data-lazy=\"1\"><\/span>            <div class=\"row_inner col_align_top tb_col_count_1 tf_box tf_rel\">\n                        <div  data-lazy=\"1\" class=\"module_column tb-column col-full tb_efdv097 first\">\n                    <!-- module text -->\n<div  class=\"module module-text tb_ik5c070\" data-lazy=\"1\">\n        <div  class=\"tb_text_wrap\">\n        <h1>Parte hartu<\/h1>    <\/div>\n<\/div>\n<!-- \/module text -->        <\/div>\n                        <\/div>\n        <\/div>\n                        <div  data-lazy=\"1\" class=\"module_row themify_builder_row tb_s0vh907 tf_w\">\n                        <div class=\"row_inner col_align_top tb_col_count_1 tf_box tf_rel\">\n                        <div  data-lazy=\"1\" class=\"module_column tb-column col-full tb_lh6i980 first\">\n                            <div  data-lazy=\"1\" class=\"module_subrow themify_builder_sub_row tf_w col_align_top gutter-none tb_col_count_2 tb_hiha090\">\n                <div  data-lazy=\"1\" class=\"module_column sub_column tb_9q8f979 first\">\n                    <!-- module text -->\n<div  class=\"module module-text tb_pazl077\" data-lazy=\"1\">\n        <div  class=\"tb_text_wrap\">\n        <h2 style=\"text-align: center;\">Zure konpromisoa garrantzitsua da<\/h2>\n<p style=\"text-align: center;\" class=\"translation-block\">Zure ahots eta esperientziak balio dute.\nBatu zaitez lurralde inklusibo baten erronkari.<\/p>    <\/div>\n<\/div>\n<!-- \/module text -->        <\/div>\n                    <div  data-lazy=\"1\" class=\"module_column sub_column tb_u7ft027 last\">\n                    <!-- module text -->\n<div  class=\"module module-text tb_g4dt911\" data-lazy=\"1\">\n        <div  class=\"tb_text_wrap\">\n        <h2 style=\"text-align: center;\">Egin ezazu posible<\/h2>\n<p style=\"text-align: center;\" class=\"translation-block\">Ekintza oro aukera bat da.\nParte hartu eta utzi zure itzala etorkizunean.<\/p>    <\/div>\n<\/div>\n<!-- \/module text -->        <\/div>\n                    <\/div>\n                <\/div>\n                        <\/div>\n        <\/div>\n                        <div  data-lazy=\"1\" class=\"module_row themify_builder_row tb_nbni525 tf_w\">\n                        <div class=\"row_inner col_align_top tb_col_count_1 tf_box tf_rel\">\n                        <div  data-lazy=\"1\" class=\"module_column tb-column col-full tb_lrh0525 first\">\n                            <div  data-lazy=\"1\" class=\"module_subrow themify_builder_sub_row tf_w col_align_top tb_col_count_2 tb_2xrw525\">\n                <div  data-lazy=\"1\" class=\"module_column sub_column tb_5ywu525 first\">\n                    <!-- module image -->\n<div  class=\"module module-image tb_s4fa525 image-center rounded drop-shadow  auto_fullwidth tf_mw\" data-lazy=\"1\">\n        <div class=\"image-wrap tf_rel tf_mw\">\n            <img loading=\"lazy\" decoding=\"async\" src=\"https:\/\/accescity.accesia.info\/wp-content\/uploads\/2025\/09\/pexels-yankrukov-8837442-1-1024x683-408x437.jpg\" width=\"408\" height=\"437\" class=\"wp-post-image wp-image-512\" title=\"Cuatro manos de personas chocando los pu\u00f1os en se\u00f1al de uni\u00f3n y trabajo en equipo\" alt=\"Cuatro manos de personas chocando los pu\u00f1os en se\u00f1al de uni\u00f3n y trabajo en equipo\">    \n        <\/div>\n    <!-- \/image-wrap -->\n    \n        <\/div>\n<!-- \/module image -->        <\/div>\n                    <div  data-lazy=\"1\" class=\"module_column sub_column tb_p3m8525 last\">\n                    <!-- module text -->\n<div  class=\"module module-text tb_zd4a525\" data-lazy=\"1\">\n        <div  class=\"tb_text_wrap\">\n        <h3>Irisgarritasunaren alde indarrak batzen<\/h3>\n<p class=\"translation-block\"><b>Irisgarritasun Plana zu eta lurraldeko agente guztiengandik hasten da. Bizilagunak, dendak, entitateak, elkarteak eta profesionalak Irisgarritasunaren Tokiko Itunera<\/b> batzea nahi dugu, \nPlazaola-Sakana-Ultzamaldeak inklusioan erreferentzia izatea bermatzeko.<\/p>\n<p class=\"translation-block\">Parte hartzea <b>Turismo Irisgarriari buruzko jardunaldi<\/b> bikain batekin hasiko da, non <b>ikasi, eztabaidatu eta elkarrekin sortuko<\/b> dugun.<\/p>\n<p class=\"translation-block\">Gero, bai <b>teknikariei<\/b> bai <b>establezimenduei<\/b> bideratutako <b>prestakuntza ikastaroak<\/b> egingo ditugu, teoriatik ekintzara igarotzeko <b>tresna praktikoak<\/b> eskainiko dizkigutenak.<\/p>\n<p class=\"translation-block\">Horrez gain, <b>inkestak eta auditoriak<\/b> egingo ditugu, <b>enpresen, zerbitzuen eta baliabide turistikoen<\/b> ahotsak biltzeko, sektore guztiek beren lekua izan dezaten.<\/p>\n<p class=\"translation-block\">Izan ere, <b>ekarpen guztiek balio dute<\/b>: herriko taberna batetik hasi eta naturaren erdian dagoen ibilbide bateraino<\/p>    <\/div>\n<\/div>\n<!-- \/module text -->        <\/div>\n                    <\/div>\n                <\/div>\n                        <\/div>\n        <\/div>\n                        <div  data-lazy=\"1\" class=\"module_row themify_builder_row tb_6oxt788 tf_w\">\n                        <div class=\"row_inner col_align_top tb_col_count_1 tf_box tf_rel\">\n                        <div  data-lazy=\"1\" class=\"module_column tb-column col-full tb_xpdj990 first\">\n                            <div  data-lazy=\"1\" class=\"module_subrow themify_builder_sub_row tf_w col_align_top tb_col_count_2 tb_sso1339\">\n                <div  data-lazy=\"1\" class=\"module_column sub_column tb_cfjr203 first\">\n                    <!-- module text -->\n<div  class=\"module module-text tb_wnu0770\" data-lazy=\"1\">\n        <div  class=\"tb_text_wrap\">\n        <h3>Esperientzia irisgarria bizi<\/h3>\n<p data-start=\"92\" data-end=\"323\" class=\"translation-block\"><strong data-start=\"92\" data-end=\"160\">Parte hartzeak prozesu kolektibo hau lehen eskutik bizitzea esan nahi du. Murgilketa bidaiak<\/strong> prestatu ditugu  <strong data-start=\"167\" data-end=\"258\">irisgarritasun beharrak dituzten pertsonekin eta bidaia-antolatzailekin<\/strong> egiteko, non  <strong data-start=\"288\" data-end=\"320\">helmugaren egiazko esperientzia probatuko dugun<\/strong>.<\/p>\n<p data-start=\"325\" data-end=\"430\" class=\"translation-block\"><strong data-start=\"340\" data-end=\"367\">Sormen tailerrak<\/strong> antolatuko ditugu, <strong data-start=\"392\" data-end=\"427\">proposamen eta irtenbide amankomunak<\/strong> definitu ahal izateko.<\/p>\n<p data-start=\"432\" data-end=\"574\" class=\"translation-block\">Establezimenduek <strong data-start=\"469\" data-end=\"513\">adituen laguntzaz<\/strong> egindako  <strong data-start=\"537\" data-end=\"571\">auto-auditoretzak<\/strong> egin ahalko dituzte,  <strong data-start=\"537\" data-end=\"571\">ekintza-plan pertsonalizatua<\/strong> jaso ahal izateko.<\/p>\n<p data-start=\"576\" data-end=\"766\" class=\"translation-block\">Prozesua <strong data-start=\"619\" data-end=\"654\">baliabide eskuragarrien<\/strong> eta <strong data-start=\"665\" data-end=\"700\">turismo-produktu inklusiboen katalogoa<\/strong> sortzearekin amaituko da, non parte hartzen dutenak <strong data-start=\"733\" data-end=\"763\">eskaintzaren protagonistak<\/strong> izango diren.<\/p>\n<p data-start=\"768\" data-end=\"939\" class=\"translation-block\"><strong data-start=\"784\" data-end=\"805\">Komunikazioak<\/strong> ez du huts egingo: <strong data-start=\"807\" data-end=\"891\">sare sozialetako kanpainak, elkarrizketak, bideoak, bilerak eta baita argazki saio eskuragarriak<\/strong> ere denak proiektuaren parte senti daitezen.<\/p>\n<p data-start=\"941\" data-end=\"1069\" class=\"translation-block\"><strong data-start=\"951\" data-end=\"1018\">Irisgarritasuna ez da proiektu bat bakarrik izango<\/strong>, alderantziz, <strong data-start=\"1028\" data-end=\"1066\">harrtasuna eman eta lurraldearen proiekzioa<\/strong> ekarriko dituen <strong data-start=\"1028\" data-end=\"1066\">konpromiso bizia<\/strong> baizik.<\/p>    <\/div>\n<\/div>\n<!-- \/module text -->        <\/div>\n                    <div  data-lazy=\"1\" class=\"module_column sub_column tb_34k8004 last\">\n                    <!-- module image -->\n<div  class=\"module module-image tb_zo4y307 image-top rounded drop-shadow  auto_fullwidth tf_mw\" data-lazy=\"1\">\n        <div class=\"image-wrap tf_rel tf_mw\">\n            <img loading=\"lazy\" decoding=\"async\" src=\"https:\/\/accescity.accesia.info\/wp-content\/uploads\/2025\/09\/pexels-elevate-3009746-1024x683-409x478.jpg\" width=\"409\" height=\"478\" class=\"wp-post-image wp-image-501\" title=\"Tres personas ciclistas, una de ellas en bicicleta adaptada, brindando y sonriendo en un descanso\" alt=\"Tres personas ciclistas, una de ellas en bicicleta adaptada, brindando y sonriendo en un descanso\">    \n        <\/div>\n    <!-- \/image-wrap -->\n    \n        <\/div>\n<!-- \/module image -->        <\/div>\n                    <\/div>\n                <\/div>\n                        <\/div>\n        <\/div>\n                        <div  data-anchor=\"donate\" data-lazy=\"1\" class=\"module_row themify_builder_row tb_has_section tb_section-donate tb_n1pg3 tf_w\">\n            <span  class=\"builder_row_cover tf_abs\" data-lazy=\"1\"><\/span>            <div class=\"row_inner col_align_middle tb_col_count_2 tf_box tf_rel\">\n                        <div  data-lazy=\"1\" class=\"module_column tb-column col4-2 tb_g41b3 first\">\n                    <!-- module text -->\n<div  class=\"module module-text tb_8je03\" data-lazy=\"1\">\n        <div  class=\"tb_text_wrap\">\n        <h3>Aldaketaren parte izan nahi duzu?<\/h3>\n<p data-start=\"96\" data-end=\"225\">Batu Irisgarritasun Planera eta izan zaitez lurralde inklusibo eta jasangarri baten parte.<\/p>    <\/div>\n<\/div>\n<!-- \/module text -->        <\/div>\n                    <div  data-lazy=\"1\" class=\"module_column tb-column col4-2 tb_jty83 last\">\n                    <!-- module buttons -->\n<div  class=\"module module-buttons tb_1st13 buttons-horizontal solid  large squared buttons-fullwidth\" data-lazy=\"1\">\n        <div class=\"module-buttons-item tf_in_flx\">\n                        <a href=\"https:\/\/accescity.accesia.info\/eu\/contacto\/\" class=\"ui builder_button tf_in_flx tb_default_color\" >\n                                                Parte hartu nahi dut                                        <em><svg  class=\"tf_fa tf-ti-hand-point-up\" aria-hidden=\"true\"><use href=\"#tf-ti-hand-point-up\"><\/use><\/svg><\/em>                            <\/a>\n                <\/div>\n            <\/div>\n<!-- \/module buttons -->\n        <\/div>\n                        <\/div>\n        <\/div>\n        <\/div>\n<!--\/themify_builder_content-->\n\n\n<p><\/p>","protected":false},"excerpt":{"rendered":"","protected":false},"author":1,"featured_media":0,"parent":0,"menu_order":0,"comment_status":"closed","ping_status":"closed","template":"","meta":{"footnotes":""},"class_list":["post-156","page","type-page","status-publish","hentry","has-post-title","has-post-date","has-post-category","has-post-tag","has-post-comment","has-post-author",""],"yoast_head":"<!-- This site is optimized with the Yoast SEO plugin v26.4 - https:\/\/yoast.com\/wordpress\/plugins\/seo\/ -->\n<title>Participa - Cederna Garalur<\/title>\n<meta name=\"robots\" content=\"noindex, follow, max-snippet:-1, max-image-preview:large, max-video-preview:-1\" \/>\n<meta property=\"og:locale\" content=\"en_US\" \/>\n<meta property=\"og:type\" content=\"article\" \/>\n<meta property=\"og:title\" content=\"Participa - Cederna Garalur\" \/>\n<meta property=\"og:url\" content=\"https:\/\/accescity.accesia.info\/eu\/participa\/\" \/>\n<meta property=\"og:site_name\" content=\"Cederna Garalur\" \/>\n<meta property=\"article:modified_time\" content=\"2025-09-22T14:43:12+00:00\" \/>\n<meta property=\"og:image\" content=\"https:\/\/accescity.accesia.info\/wp-content\/uploads\/2025\/09\/pexels-yankrukov-8837442-1.jpg\" \/>\n\t<meta property=\"og:image:width\" content=\"1500\" \/>\n\t<meta property=\"og:image:height\" content=\"1000\" \/>\n\t<meta property=\"og:image:type\" content=\"image\/jpeg\" \/>\n<meta name=\"twitter:card\" content=\"summary_large_image\" \/>\n<meta name=\"twitter:label1\" content=\"Est. reading time\" \/>\n\t<meta name=\"twitter:data1\" content=\"2 minutua\" \/>\n<script type=\"application\/ld+json\" class=\"yoast-schema-graph\">{\"@context\":\"https:\/\/schema.org\",\"@graph\":[{\"@type\":\"WebPage\",\"@id\":\"https:\/\/accescity.accesia.info\/participa\/\",\"url\":\"https:\/\/accescity.accesia.info\/participa\/\",\"name\":\"Participa - Cederna Garalur\",\"isPartOf\":{\"@id\":\"https:\/\/accescity.accesia.info\/#website\"},\"primaryImageOfPage\":{\"@id\":\"https:\/\/accescity.accesia.info\/participa\/#primaryimage\"},\"image\":{\"@id\":\"https:\/\/accescity.accesia.info\/participa\/#primaryimage\"},\"thumbnailUrl\":\"https:\/\/accescity.accesia.info\/wp-content\/uploads\/2025\/09\/pexels-yankrukov-8837442-1-1024x683-408x437.jpg\",\"datePublished\":\"2025-09-10T13:37:58+00:00\",\"dateModified\":\"2025-09-22T14:43:12+00:00\",\"breadcrumb\":{\"@id\":\"https:\/\/accescity.accesia.info\/participa\/#breadcrumb\"},\"inLanguage\":\"eu\",\"potentialAction\":[{\"@type\":\"ReadAction\",\"target\":[\"https:\/\/accescity.accesia.info\/participa\/\"]}]},{\"@type\":\"ImageObject\",\"inLanguage\":\"eu\",\"@id\":\"https:\/\/accescity.accesia.info\/participa\/#primaryimage\",\"url\":\"https:\/\/accescity.accesia.info\/wp-content\/uploads\/2025\/09\/pexels-yankrukov-8837442-1-1024x683-408x437.jpg\",\"contentUrl\":\"https:\/\/accescity.accesia.info\/wp-content\/uploads\/2025\/09\/pexels-yankrukov-8837442-1-1024x683-408x437.jpg\"},{\"@type\":\"BreadcrumbList\",\"@id\":\"https:\/\/accescity.accesia.info\/participa\/#breadcrumb\",\"itemListElement\":[{\"@type\":\"ListItem\",\"position\":1,\"name\":\"Portada\",\"item\":\"https:\/\/accescity.accesia.info\/\"},{\"@type\":\"ListItem\",\"position\":2,\"name\":\"Participa\"}]},{\"@type\":\"WebSite\",\"@id\":\"https:\/\/accescity.accesia.info\/#website\",\"url\":\"https:\/\/accescity.accesia.info\/\",\"name\":\"Cederna Garalur\",\"description\":\"Plazaola \u2013 Sakana \u2013 Ultzamaldea da un paso m\u00e1s hacia la accesibilidad con un plan que busca convertir el territorio en un referente de turismo inclusivo, sostenible y aut\u00e9ntico. Un proyecto abierto a instituciones, empresas y ciudadan\u00eda para que nadie se quede atr\u00e1s.\",\"potentialAction\":[{\"@type\":\"SearchAction\",\"target\":{\"@type\":\"EntryPoint\",\"urlTemplate\":\"https:\/\/accescity.accesia.info\/?s={search_term_string}\"},\"query-input\":{\"@type\":\"PropertyValueSpecification\",\"valueRequired\":true,\"valueName\":\"search_term_string\"}}],\"inLanguage\":\"eu\"}]}<\/script>\n<!-- \/ Yoast SEO plugin. -->","yoast_head_json":{"title":"Participa - Cederna Garalur","robots":{"index":"noindex","follow":"follow","max-snippet":"max-snippet:-1","max-image-preview":"max-image-preview:large","max-video-preview":"max-video-preview:-1"},"og_locale":"en_US","og_type":"article","og_title":"Participa - Cederna Garalur","og_url":"https:\/\/accescity.accesia.info\/eu\/participa\/","og_site_name":"Cederna Garalur","article_modified_time":"2025-09-22T14:43:12+00:00","og_image":[{"width":1500,"height":1000,"url":"https:\/\/accescity.accesia.info\/wp-content\/uploads\/2025\/09\/pexels-yankrukov-8837442-1.jpg","type":"image\/jpeg"}],"twitter_card":"summary_large_image","twitter_misc":{"Est. reading time":"2 minutua"},"schema":{"@context":"https:\/\/schema.org","@graph":[{"@type":"WebPage","@id":"https:\/\/accescity.accesia.info\/participa\/","url":"https:\/\/accescity.accesia.info\/participa\/","name":"Participa - Cederna Garalur","isPartOf":{"@id":"https:\/\/accescity.accesia.info\/#website"},"primaryImageOfPage":{"@id":"https:\/\/accescity.accesia.info\/participa\/#primaryimage"},"image":{"@id":"https:\/\/accescity.accesia.info\/participa\/#primaryimage"},"thumbnailUrl":"https:\/\/accescity.accesia.info\/wp-content\/uploads\/2025\/09\/pexels-yankrukov-8837442-1-1024x683-408x437.jpg","datePublished":"2025-09-10T13:37:58+00:00","dateModified":"2025-09-22T14:43:12+00:00","breadcrumb":{"@id":"https:\/\/accescity.accesia.info\/participa\/#breadcrumb"},"inLanguage":"eu","potentialAction":[{"@type":"ReadAction","target":["https:\/\/accescity.accesia.info\/participa\/"]}]},{"@type":"ImageObject","inLanguage":"eu","@id":"https:\/\/accescity.accesia.info\/participa\/#primaryimage","url":"https:\/\/accescity.accesia.info\/wp-content\/uploads\/2025\/09\/pexels-yankrukov-8837442-1-1024x683-408x437.jpg","contentUrl":"https:\/\/accescity.accesia.info\/wp-content\/uploads\/2025\/09\/pexels-yankrukov-8837442-1-1024x683-408x437.jpg"},{"@type":"BreadcrumbList","@id":"https:\/\/accescity.accesia.info\/participa\/#breadcrumb","itemListElement":[{"@type":"ListItem","position":1,"name":"Portada","item":"https:\/\/accescity.accesia.info\/"},{"@type":"ListItem","position":2,"name":"Participa"}]},{"@type":"WebSite","@id":"https:\/\/accescity.accesia.info\/#website","url":"https:\/\/accescity.accesia.info\/","name":"Cederna Garalur","description":"Plazaola\u2013Sakana\u2013Ultzamaldea irisgarritasunaren aldeko beste urrats bat ematen ari da, eskualdea turismo inklusibo, jasangarri eta benetakoaren erreferente bihurtzeko plan batekin. Proiektu hau erakunde, enpresa eta herritarrentzat irekita dago, inor atzean geratu ez dadin.","potentialAction":[{"@type":"SearchAction","target":{"@type":"EntryPoint","urlTemplate":"https:\/\/accescity.accesia.info\/?s={search_term_string}"},"query-input":{"@type":"PropertyValueSpecification","valueRequired":true,"valueName":"search_term_string"}}],"inLanguage":"eu"}]}},"builder_content":"<h1>Participa<\/h1>\n<h2 style=\"text-align: center;\">Tu compromiso importa<\/h2> <p style=\"text-align: center;\">Tu voz y tu experiencia cuentan.<br>S\u00famate al reto de un territorio inclusivo.<\/p>\n<h2 style=\"text-align: center;\">Hazlo posible<\/h2> <p style=\"text-align: center;\">Cada acci\u00f3n es una oportunidad.<br>Participa y deja tu huella en el futuro.<\/p>\n<img src=\"https:\/\/accescity.accesia.info\/wp-content\/uploads\/2025\/09\/pexels-yankrukov-8837442-1-1024x683-408x437.jpg\" width=\"408\" height=\"437\" title=\"Cuatro manos de personas chocando los pu\u00f1os en se\u00f1al de uni\u00f3n y trabajo en equipo\" alt=\"Cuatro manos de personas chocando los pu\u00f1os en se\u00f1al de uni\u00f3n y trabajo en equipo\">\n<h3>Sumar fuerzas por la accesibilidad<\/h3> <p><b>El Plan de Accesibilidad arranca contigo y con cada agente del territorio<\/b>. Queremos que <b>vecinas<\/b>, <b>comercios<\/b>, <b>entidades<\/b>, <b>asociaciones<\/b> y <b>profesionales <\/b>se unan al <b>Pacto Local por la Accesibilidad<\/b>, un compromiso compartido para que <b>Plazaola-Sakana-Ultzamaldea <\/b>sea un referente inclusivo.<\/p> <p>La participaci\u00f3n comenzar\u00e1 en una <b>gran jornada sobre turismo accesible<\/b>, donde <b>aprenderemos<\/b>, <b>debatiremos <\/b>y <b>co-crearemos<\/b>.<\/p> <p>Despu\u00e9s llegar\u00e1n los <b>cursos formativos<\/b>, dirigidos tanto a <b>t\u00e9cnicos <\/b>como a <b>establecimientos<\/b>, con <b>herramientas<\/b> <b>pr\u00e1cticas <\/b>que nos permitir\u00e1n pasar de la teor\u00eda a la acci\u00f3n.<\/p> <p>Adem\u00e1s, se realizar\u00e1n <b>encuestas <\/b>y <b>auditor\u00edas<\/b>, recogiendo las voces de <b>empresas<\/b>, <b>servicios <\/b>y <b>recursos tur\u00edsticos<\/b>, para que todos los sectores tengan su lugar.<\/p> <p>Porque <b>cada contribuci\u00f3n cuenta<\/b>: desde un bar de pueblo hasta un sendero en plena naturaleza.<\/p>\n<h3>Vivir la experiencia accesible<\/h3> <p data-start=\"92\" data-end=\"323\"><strong data-start=\"92\" data-end=\"160\">Participar ser\u00e1 vivir en primera persona este proceso colectivo.<\/strong> Habr\u00e1 <strong data-start=\"167\" data-end=\"258\">viajes inmersivos con personas con necesidades de accesibilidad y operadores tur\u00edsticos<\/strong>, donde pondremos a prueba la <strong data-start=\"288\" data-end=\"320\">experiencia real del destino<\/strong>.<\/p> <p data-start=\"325\" data-end=\"430\">Se organizar\u00e1n <strong data-start=\"340\" data-end=\"367\">talleres de co-creaci\u00f3n<\/strong>, en los que definiremos <strong data-start=\"392\" data-end=\"427\">propuestas y soluciones comunes<\/strong>.<\/p> <p data-start=\"432\" data-end=\"574\">Los establecimientos podr\u00e1n realizar <strong data-start=\"469\" data-end=\"513\">auto-auditor\u00edas acompa\u00f1ados por expertos<\/strong>, recibiendo despu\u00e9s un <strong data-start=\"537\" data-end=\"571\">plan de acci\u00f3n individualizado<\/strong>.<\/p> <p data-start=\"576\" data-end=\"766\">El proceso culminar\u00e1 con la creaci\u00f3n de un <strong data-start=\"619\" data-end=\"654\">cat\u00e1logo de recursos accesibles<\/strong> y otro de <strong data-start=\"665\" data-end=\"700\">productos tur\u00edsticos inclusivos<\/strong>, donde quienes participen ser\u00e1n <strong data-start=\"733\" data-end=\"763\">protagonistas de la oferta<\/strong>.<\/p> <p data-start=\"768\" data-end=\"939\">Y no faltar\u00e1 la <strong data-start=\"784\" data-end=\"805\">comunicaci\u00f3n viva<\/strong>: <strong data-start=\"807\" data-end=\"891\">campa\u00f1as en redes, entrevistas, v\u00eddeos, encuentros y hasta photocalls accesibles<\/strong> para que todas las personas se sientan parte.<\/p> <p data-start=\"941\" data-end=\"1069\">Porque la <strong data-start=\"951\" data-end=\"1018\">accesibilidad no ser\u00e1 solo un proyecto, sino un compromiso vivo<\/strong> que dar\u00e1 <strong data-start=\"1028\" data-end=\"1066\">orgullo y proyecci\u00f3n al territorio<\/strong>.<\/p>\n<img src=\"https:\/\/accescity.accesia.info\/wp-content\/uploads\/2025\/09\/pexels-elevate-3009746-1024x683-409x478.jpg\" width=\"409\" height=\"478\" title=\"Tres personas ciclistas, una de ellas en bicicleta adaptada, brindando y sonriendo en un descanso\" alt=\"Tres personas ciclistas, una de ellas en bicicleta adaptada, brindando y sonriendo en un descanso\">\n<h3>\u00bfQuieres ser part\u00edcipe del cambio?<\/h3> <p data-start=\"96\" data-end=\"225\">S\u00famate al Plan de Accesibilidad y forma parte de un territorio inclusivo y sostenible.<\/p>\n<a href=\"https:\/\/accescity.accesia.info\/contacto\/\" > Quiero participar <em><svg aria-hidden=\"true\"><use href=\"#tf-ti-hand-point-up\"><\/use><\/svg><\/em> <\/a>\n<h2 style=\"text-align: center;\">Microentrevistas<\/h2>","_links":{"self":[{"href":"https:\/\/accescity.accesia.info\/eu\/wp-json\/wp\/v2\/pages\/156","targetHints":{"allow":["GET"]}}],"collection":[{"href":"https:\/\/accescity.accesia.info\/eu\/wp-json\/wp\/v2\/pages"}],"about":[{"href":"https:\/\/accescity.accesia.info\/eu\/wp-json\/wp\/v2\/types\/page"}],"author":[{"embeddable":true,"href":"https:\/\/accescity.accesia.info\/eu\/wp-json\/wp\/v2\/users\/1"}],"replies":[{"embeddable":true,"href":"https:\/\/accescity.accesia.info\/eu\/wp-json\/wp\/v2\/comments?post=156"}],"version-history":[{"count":67,"href":"https:\/\/accescity.accesia.info\/eu\/wp-json\/wp\/v2\/pages\/156\/revisions"}],"predecessor-version":[{"id":731,"href":"https:\/\/accescity.accesia.info\/eu\/wp-json\/wp\/v2\/pages\/156\/revisions\/731"}],"wp:attachment":[{"href":"https:\/\/accescity.accesia.info\/eu\/wp-json\/wp\/v2\/media?parent=156"}],"curies":[{"name":"wp","href":"https:\/\/api.w.org\/{rel}","templated":true}]}}