{"id":160,"date":"2025-09-10T13:38:12","date_gmt":"2025-09-10T13:38:12","guid":{"rendered":"https:\/\/accescity.accesia.info\/participa-copy\/"},"modified":"2025-09-19T21:28:45","modified_gmt":"2025-09-19T19:28:45","slug":"recursos","status":"publish","type":"page","link":"https:\/\/accescity.accesia.info\/eu\/recursos\/","title":{"rendered":"Baliabideak"},"content":{"rendered":"<!--themify_builder_content-->\n<div id=\"themify_builder_content-160\" data-postid=\"160\" class=\"themify_builder_content themify_builder_content-160 themify_builder tf_clear\">\n                    <div  data-lazy=\"1\" class=\"module_row themify_builder_row tb_bt4g636 tb_first tf_w\">\n            <span  class=\"builder_row_cover tf_abs\" data-lazy=\"1\"><\/span>            <div class=\"row_inner col_align_top tb_col_count_1 tf_box tf_rel\">\n                        <div  data-lazy=\"1\" class=\"module_column tb-column col-full tb_2bu5503 first\">\n                    <!-- module text -->\n<div  class=\"module module-text tb_u3va900\" data-lazy=\"1\">\n        <div  class=\"tb_text_wrap\">\n        <h1>Baliabideak<\/h1>    <\/div>\n<\/div>\n<!-- \/module text -->        <\/div>\n                        <\/div>\n        <\/div>\n                        <div  data-lazy=\"1\" class=\"module_row themify_builder_row tb_11s8329 tf_w\">\n                        <div class=\"row_inner col_align_top tb_col_count_1 tf_box tf_rel\">\n                        <div  data-lazy=\"1\" class=\"module_column tb-column col-full tb_mmpj514 first\">\n                            <div  data-lazy=\"1\" class=\"module_subrow themify_builder_sub_row tf_w col_align_top tb_col_count_1 tb_cks4153\">\n                <div  data-lazy=\"1\" class=\"module_column sub_column col-full tb_hp6r025 first\">\n                    <!-- module text -->\n<div  class=\"module module-text tb_mmzr937\" data-lazy=\"1\">\n        <div  class=\"tb_text_wrap\">\n        <p data-start=\"77\" data-end=\"359\" class=\"translation-block\">Leku honetan, egindako guztia bilduko dugu: <strong data-start=\"123\" data-end=\"231\">baliabide eskuragarrien eta turismo-produktu inklusiboen katalogoak, fitxa teknikoak eta laguntza materiala<\/strong>. Pertsona, entitate edo enpresa bakoitzak lurraldearen eraldaketan bere aletxoa jarri ahal izateko tresnak dira.<\/p>\n<p data-start=\"361\" data-end=\"453\">Deskargatu, partekatu eta erabili itzazu: <strong data-start=\"396\" data-end=\"451\">etorkizun irisgarriago baten abiapuntua dira.<\/strong><\/p>    <\/div>\n<\/div>\n<!-- \/module text -->        <\/div>\n                    <\/div>\n                <\/div>\n                        <\/div>\n        <\/div>\n                        <div  data-lazy=\"1\" class=\"module_row themify_builder_row tb_9qzs267 tf_w\">\n            <span  class=\"builder_row_cover tf_abs\" data-lazy=\"1\"><\/span>            <div class=\"row_inner col_align_top tb_col_count_2 tf_box tf_rel\">\n                        <div  data-lazy=\"1\" class=\"module_column tb-column col4-2 tb_jcki267 first\">\n                    <!-- module image -->\n<div  class=\"module module-image tb_ni36267 image-left   tf_mw tb_gs335e6\" data-lazy=\"1\">\n        <div class=\"image-wrap tf_rel tf_mw\">\n            <img loading=\"lazy\" decoding=\"async\" src=\"https:\/\/accescity.accesia.info\/wp-content\/uploads\/2025\/09\/folleto-101x101.png\" width=\"101\" height=\"101\" class=\"wp-post-image wp-image-577\" title=\"Baliabide turistikoen katalogoa\" alt=\"Pr\u00f3ximamente...\" srcset=\"https:\/\/accescity.accesia.info\/wp-content\/uploads\/2025\/09\/folleto-101x101.png 101w, https:\/\/accescity.accesia.info\/wp-content\/uploads\/2025\/09\/folleto-12x12.png 12w, https:\/\/accescity.accesia.info\/wp-content\/uploads\/2025\/09\/folleto.png 128w\" sizes=\"auto, (max-width: 101px) 100vw, 101px\" \/>    \n        <\/div>\n    <!-- \/image-wrap -->\n    \n        <div class=\"image-content\">\n                    <h3 class=\"image-title\">\n                                    Baliabide turistikoen katalogoa                            <\/h3>\n                        <div class=\"image-caption tb_text_wrap\">\n            Laster\u2026        <\/div>\n        <!-- \/image-caption -->\n            <\/div>\n    <!-- \/image-content -->\n        <\/div>\n<!-- \/module image -->        <\/div>\n                    <div  data-lazy=\"1\" class=\"module_column tb-column col4-2 tb_bu4u267 last\">\n                    <!-- module image -->\n<div  class=\"module module-image tb_ja9e267 image-left   tf_mw tb_gs335e6\" data-lazy=\"1\">\n        <div class=\"image-wrap tf_rel tf_mw\">\n            <img loading=\"lazy\" decoding=\"async\" src=\"https:\/\/accescity.accesia.info\/wp-content\/uploads\/2025\/09\/documentos-78x85.png\" width=\"78\" height=\"85\" class=\"wp-post-image wp-image-578\" title=\"Produktu turistikoen katalogoa\" alt=\"Pr\u00f3ximamente...\" srcset=\"https:\/\/accescity.accesia.info\/wp-content\/uploads\/2025\/09\/documentos-78x85.png 78w, https:\/\/accescity.accesia.info\/wp-content\/uploads\/2025\/09\/documentos-12x12.png 12w, https:\/\/accescity.accesia.info\/wp-content\/uploads\/2025\/09\/documentos-74x82.png 74w\" sizes=\"auto, (max-width: 78px) 100vw, 78px\" \/>    \n        <\/div>\n    <!-- \/image-wrap -->\n    \n        <div class=\"image-content\">\n                    <h3 class=\"image-title\">\n                                    Produktu turistikoen katalogoa                            <\/h3>\n                        <div class=\"image-caption tb_text_wrap\">\n            Laster\u2026        <\/div>\n        <!-- \/image-caption -->\n            <\/div>\n    <!-- \/image-content -->\n        <\/div>\n<!-- \/module image -->        <\/div>\n                        <\/div>\n        <\/div>\n        <\/div>\n<!--\/themify_builder_content-->\n\n\n<p><\/p>","protected":false},"excerpt":{"rendered":"","protected":false},"author":1,"featured_media":0,"parent":0,"menu_order":0,"comment_status":"closed","ping_status":"closed","template":"","meta":{"footnotes":""},"class_list":["post-160","page","type-page","status-publish","hentry","has-post-title","has-post-date","has-post-category","has-post-tag","has-post-comment","has-post-author",""],"yoast_head":"<!-- This site is optimized with the Yoast SEO plugin v26.4 - https:\/\/yoast.com\/wordpress\/plugins\/seo\/ -->\n<title>Recursos - Cederna Garalur<\/title>\n<meta name=\"robots\" content=\"noindex, follow, max-snippet:-1, max-image-preview:large, max-video-preview:-1\" \/>\n<meta property=\"og:locale\" content=\"en_US\" \/>\n<meta property=\"og:type\" content=\"article\" \/>\n<meta property=\"og:title\" content=\"Recursos - Cederna Garalur\" \/>\n<meta property=\"og:url\" content=\"https:\/\/accescity.accesia.info\/eu\/recursos\/\" \/>\n<meta property=\"og:site_name\" content=\"Cederna Garalur\" \/>\n<meta property=\"article:modified_time\" content=\"2025-09-19T19:28:45+00:00\" \/>\n<meta property=\"og:image\" content=\"https:\/\/accescity.accesia.info\/wp-content\/uploads\/2025\/09\/folleto.png\" \/>\n\t<meta property=\"og:image:width\" content=\"128\" \/>\n\t<meta property=\"og:image:height\" content=\"128\" \/>\n\t<meta property=\"og:image:type\" content=\"image\/png\" \/>\n<meta name=\"twitter:card\" content=\"summary_large_image\" \/>\n<script type=\"application\/ld+json\" class=\"yoast-schema-graph\">{\"@context\":\"https:\/\/schema.org\",\"@graph\":[{\"@type\":\"WebPage\",\"@id\":\"https:\/\/accescity.accesia.info\/recursos\/\",\"url\":\"https:\/\/accescity.accesia.info\/recursos\/\",\"name\":\"Recursos - Cederna Garalur\",\"isPartOf\":{\"@id\":\"https:\/\/accescity.accesia.info\/#website\"},\"primaryImageOfPage\":{\"@id\":\"https:\/\/accescity.accesia.info\/recursos\/#primaryimage\"},\"image\":{\"@id\":\"https:\/\/accescity.accesia.info\/recursos\/#primaryimage\"},\"thumbnailUrl\":\"https:\/\/accescity.accesia.info\/wp-content\/uploads\/2025\/09\/folleto-101x101.png\",\"datePublished\":\"2025-09-10T13:38:12+00:00\",\"dateModified\":\"2025-09-19T19:28:45+00:00\",\"breadcrumb\":{\"@id\":\"https:\/\/accescity.accesia.info\/recursos\/#breadcrumb\"},\"inLanguage\":\"eu\",\"potentialAction\":[{\"@type\":\"ReadAction\",\"target\":[\"https:\/\/accescity.accesia.info\/recursos\/\"]}]},{\"@type\":\"ImageObject\",\"inLanguage\":\"eu\",\"@id\":\"https:\/\/accescity.accesia.info\/recursos\/#primaryimage\",\"url\":\"https:\/\/accescity.accesia.info\/wp-content\/uploads\/2025\/09\/folleto-101x101.png\",\"contentUrl\":\"https:\/\/accescity.accesia.info\/wp-content\/uploads\/2025\/09\/folleto-101x101.png\"},{\"@type\":\"BreadcrumbList\",\"@id\":\"https:\/\/accescity.accesia.info\/recursos\/#breadcrumb\",\"itemListElement\":[{\"@type\":\"ListItem\",\"position\":1,\"name\":\"Portada\",\"item\":\"https:\/\/accescity.accesia.info\/\"},{\"@type\":\"ListItem\",\"position\":2,\"name\":\"Recursos\"}]},{\"@type\":\"WebSite\",\"@id\":\"https:\/\/accescity.accesia.info\/#website\",\"url\":\"https:\/\/accescity.accesia.info\/\",\"name\":\"Cederna Garalur\",\"description\":\"Plazaola \u2013 Sakana \u2013 Ultzamaldea da un paso m\u00e1s hacia la accesibilidad con un plan que busca convertir el territorio en un referente de turismo inclusivo, sostenible y aut\u00e9ntico. Un proyecto abierto a instituciones, empresas y ciudadan\u00eda para que nadie se quede atr\u00e1s.\",\"potentialAction\":[{\"@type\":\"SearchAction\",\"target\":{\"@type\":\"EntryPoint\",\"urlTemplate\":\"https:\/\/accescity.accesia.info\/?s={search_term_string}\"},\"query-input\":{\"@type\":\"PropertyValueSpecification\",\"valueRequired\":true,\"valueName\":\"search_term_string\"}}],\"inLanguage\":\"eu\"}]}<\/script>\n<!-- \/ Yoast SEO plugin. -->","yoast_head_json":{"title":"Recursos - Cederna Garalur","robots":{"index":"noindex","follow":"follow","max-snippet":"max-snippet:-1","max-image-preview":"max-image-preview:large","max-video-preview":"max-video-preview:-1"},"og_locale":"en_US","og_type":"article","og_title":"Recursos - Cederna Garalur","og_url":"https:\/\/accescity.accesia.info\/eu\/recursos\/","og_site_name":"Cederna Garalur","article_modified_time":"2025-09-19T19:28:45+00:00","og_image":[{"width":128,"height":128,"url":"https:\/\/accescity.accesia.info\/wp-content\/uploads\/2025\/09\/folleto.png","type":"image\/png"}],"twitter_card":"summary_large_image","schema":{"@context":"https:\/\/schema.org","@graph":[{"@type":"WebPage","@id":"https:\/\/accescity.accesia.info\/recursos\/","url":"https:\/\/accescity.accesia.info\/recursos\/","name":"Recursos - Cederna Garalur","isPartOf":{"@id":"https:\/\/accescity.accesia.info\/#website"},"primaryImageOfPage":{"@id":"https:\/\/accescity.accesia.info\/recursos\/#primaryimage"},"image":{"@id":"https:\/\/accescity.accesia.info\/recursos\/#primaryimage"},"thumbnailUrl":"https:\/\/accescity.accesia.info\/wp-content\/uploads\/2025\/09\/folleto-101x101.png","datePublished":"2025-09-10T13:38:12+00:00","dateModified":"2025-09-19T19:28:45+00:00","breadcrumb":{"@id":"https:\/\/accescity.accesia.info\/recursos\/#breadcrumb"},"inLanguage":"eu","potentialAction":[{"@type":"ReadAction","target":["https:\/\/accescity.accesia.info\/recursos\/"]}]},{"@type":"ImageObject","inLanguage":"eu","@id":"https:\/\/accescity.accesia.info\/recursos\/#primaryimage","url":"https:\/\/accescity.accesia.info\/wp-content\/uploads\/2025\/09\/folleto-101x101.png","contentUrl":"https:\/\/accescity.accesia.info\/wp-content\/uploads\/2025\/09\/folleto-101x101.png"},{"@type":"BreadcrumbList","@id":"https:\/\/accescity.accesia.info\/recursos\/#breadcrumb","itemListElement":[{"@type":"ListItem","position":1,"name":"Portada","item":"https:\/\/accescity.accesia.info\/"},{"@type":"ListItem","position":2,"name":"Recursos"}]},{"@type":"WebSite","@id":"https:\/\/accescity.accesia.info\/#website","url":"https:\/\/accescity.accesia.info\/","name":"Cederna Garalur","description":"Plazaola\u2013Sakana\u2013Ultzamaldea irisgarritasunaren aldeko beste urrats bat ematen ari da, eskualdea turismo inklusibo, jasangarri eta benetakoaren erreferente bihurtzeko plan batekin. Proiektu hau erakunde, enpresa eta herritarrentzat irekita dago, inor atzean geratu ez dadin.","potentialAction":[{"@type":"SearchAction","target":{"@type":"EntryPoint","urlTemplate":"https:\/\/accescity.accesia.info\/?s={search_term_string}"},"query-input":{"@type":"PropertyValueSpecification","valueRequired":true,"valueName":"search_term_string"}}],"inLanguage":"eu"}]}},"builder_content":"<h1>Recursos<\/h1>\n<p data-start=\"77\" data-end=\"359\">Este espacio re\u00fane todo lo que vamos creando: <strong data-start=\"123\" data-end=\"231\">cat\u00e1logos de recursos accesibles, productos tur\u00edsticos inclusivos, fichas t\u00e9cnicas y materiales de apoyo<\/strong>. Son herramientas para que cada persona, entidad o empresa pueda sumar su grano de arena en la transformaci\u00f3n del territorio.<\/p> <p data-start=\"361\" data-end=\"453\">Desc\u00e1rgalos, comp\u00e1rtelos y \u00fasalos: <strong data-start=\"396\" data-end=\"451\">son el punto de partida de un futuro m\u00e1s accesible.<\/strong><\/p>\n<img src=\"https:\/\/accescity.accesia.info\/wp-content\/uploads\/2025\/09\/folleto-101x101.png\" width=\"101\" height=\"101\" title=\"Cat\u00e1logo de recursos tur\u00edsticos\" alt=\"Pr\u00f3ximamente...\" srcset=\"https:\/\/accescity.accesia.info\/wp-content\/uploads\/2025\/09\/folleto-101x101.png 101w, https:\/\/accescity.accesia.info\/wp-content\/uploads\/2025\/09\/folleto-12x12.png 12w, https:\/\/accescity.accesia.info\/wp-content\/uploads\/2025\/09\/folleto.png 128w\" sizes=\"(max-width: 101px) 100vw, 101px\" \/> <h3> Cat\u00e1logo de recursos tur\u00edsticos <\/h3> Pr\u00f3ximamente...\n<img src=\"https:\/\/accescity.accesia.info\/wp-content\/uploads\/2025\/09\/documentos-78x85.png\" width=\"78\" height=\"85\" title=\"Cat\u00e1logo de producto tur\u00edstico\" alt=\"Pr\u00f3ximamente...\" srcset=\"https:\/\/accescity.accesia.info\/wp-content\/uploads\/2025\/09\/documentos-78x85.png 78w, https:\/\/accescity.accesia.info\/wp-content\/uploads\/2025\/09\/documentos-12x12.png 12w, https:\/\/accescity.accesia.info\/wp-content\/uploads\/2025\/09\/documentos-74x82.png 74w\" sizes=\"(max-width: 78px) 100vw, 78px\" \/> <h3> Cat\u00e1logo de producto tur\u00edstico <\/h3> Pr\u00f3ximamente...","_links":{"self":[{"href":"https:\/\/accescity.accesia.info\/eu\/wp-json\/wp\/v2\/pages\/160","targetHints":{"allow":["GET"]}}],"collection":[{"href":"https:\/\/accescity.accesia.info\/eu\/wp-json\/wp\/v2\/pages"}],"about":[{"href":"https:\/\/accescity.accesia.info\/eu\/wp-json\/wp\/v2\/types\/page"}],"author":[{"embeddable":true,"href":"https:\/\/accescity.accesia.info\/eu\/wp-json\/wp\/v2\/users\/1"}],"replies":[{"embeddable":true,"href":"https:\/\/accescity.accesia.info\/eu\/wp-json\/wp\/v2\/comments?post=160"}],"version-history":[{"count":32,"href":"https:\/\/accescity.accesia.info\/eu\/wp-json\/wp\/v2\/pages\/160\/revisions"}],"predecessor-version":[{"id":692,"href":"https:\/\/accescity.accesia.info\/eu\/wp-json\/wp\/v2\/pages\/160\/revisions\/692"}],"wp:attachment":[{"href":"https:\/\/accescity.accesia.info\/eu\/wp-json\/wp\/v2\/media?parent=160"}],"curies":[{"name":"wp","href":"https:\/\/api.w.org\/{rel}","templated":true}]}}