{"id":52,"date":"2020-05-29T13:23:50","date_gmt":"2020-05-29T13:23:50","guid":{"rendered":"https:\/\/accescity.accesia.info\/?page_id=52"},"modified":"2025-09-20T00:23:59","modified_gmt":"2025-09-19T22:23:59","slug":"contacto","status":"publish","type":"page","link":"https:\/\/accescity.accesia.info\/eu\/contacto\/","title":{"rendered":"Kontaktua"},"content":{"rendered":"<!--themify_builder_content-->\n<div id=\"themify_builder_content-52\" data-postid=\"52\" class=\"themify_builder_content themify_builder_content-52 themify_builder tf_clear\">\n                    <div  data-lazy=\"1\" class=\"module_row themify_builder_row tb_1g0y557 tb_first tf_w\">\n            <span  class=\"builder_row_cover tf_abs\" data-lazy=\"1\"><\/span>            <div class=\"row_inner col_align_top tb_col_count_1 tf_box tf_rel\">\n                        <div  data-lazy=\"1\" class=\"module_column tb-column col-full tb_jqi4558 first\">\n                    <!-- module text -->\n<div  class=\"module module-text tb_ydcp554\" data-lazy=\"1\">\n        <div  class=\"tb_text_wrap\">\n        <h1>Kontaktua<\/h1>    <\/div>\n<\/div>\n<!-- \/module text -->        <\/div>\n                        <\/div>\n        <\/div>\n                        <div  data-lazy=\"1\" class=\"module_row themify_builder_row tb_cw5q272 tf_w\">\n                        <div class=\"row_inner col_align_top tb_col_count_1 tf_box tf_rel\">\n                        <div  data-lazy=\"1\" class=\"module_column tb-column col-full tb_4hgl272 first\">\n                            <div  data-lazy=\"1\" class=\"module_subrow themify_builder_sub_row tf_w col_align_top tb_col_count_1 tb_ne2v273\">\n                <div  data-lazy=\"1\" class=\"module_column sub_column col-full tb_hr3d273 first\">\n                    <!-- module text -->\n<div  class=\"module module-text tb_77x1274\" data-lazy=\"1\">\n        <div  class=\"tb_text_wrap\">\n        <h3><strong data-start=\"189\" data-end=\"222\">Elkarrizketari irekitako gunea<\/strong><\/h3>\n<p>Plazaola-Sakana-Ultzamaldeako Irisgarritasun Plana proiektu partekatu bat da. Erakundeei, enpresei eta herritarrei entzun nahi diegu elkarrekin helmuga inklusiboago bat eraikitzeko.<br><br data-start=\"412\" data-end=\"415\">Galderarik, iradokizunik edo taldearekin harremanetan jarri nahi baduzu, horretarako modu guztiak hemen aurkituko dituzu.<\/p>    <\/div>\n<\/div>\n<!-- \/module text -->        <\/div>\n                    <\/div>\n                <\/div>\n                        <\/div>\n        <\/div>\n                        <div  data-lazy=\"1\" class=\"module_row themify_builder_row tb_kj9f861 tf_w\">\n                        <div class=\"row_inner col_align_top tb_col_count_1 tf_box tf_rel\">\n                        <div  data-lazy=\"1\" class=\"module_column tb-column col-full tb_3d99862 first\">\n                            <div  data-lazy=\"1\" class=\"module_subrow themify_builder_sub_row tf_w col_align_top tb_col_count_2 tb_sn5b179\">\n                <div  data-lazy=\"1\" class=\"module_column sub_column col3-2 tb_2k22179 first\">\n                    <!-- module text -->\n<div  class=\"module module-text tb_6xep860\" data-lazy=\"1\">\n        <div  class=\"tb_text_wrap\">\n        <h2>Bidali mezu bat<\/h2>\n<p class=\"translation-block\">Plazaola\u2013Sakana\u2013Ultzamaldeako Irisgarritasun Planari buruzko galderarik, iradokizunik edo informazio gehiago nahi duzu?<br><br data-start=\"349\" data-end=\"352\">Bete inprimakia edo idatzi zuzenean, eta pozik lagunduko dizugu.<\/p>    <\/div>\n<\/div>\n<!-- \/module text --><!-- module plain text -->\n<div  class=\"module module-plain-text tb_rvh8452\" data-lazy=\"1\">\n        <div class=\"tb_text_wrap\">\n    <div class=\"frm_forms  with_frm_style frm_style_estilo-de-formidable\" id=\"frm_form_2_container\" data-token=\"0ada0828ed97611fdb1e917768ecbb9b\">\n<form enctype=\"multipart\/form-data\" method=\"post\" class=\"frm-show-form\" id=\"form_formulario-de-contacto\" data-token=\"0ada0828ed97611fdb1e917768ecbb9b\" action=\"\">\n<div class=\"frm_form_fields\">\n<fieldset>\n<legend class=\"frm_screen_reader\">Harremanetarako formularioa<\/legend>\r\n\r\n<div class=\"frm_fields_container\">\n<input type=\"hidden\" name=\"frm_action\" value=\"create\" \/>\n<input type=\"hidden\" name=\"form_id\" value=\"2\" \/>\n<input type=\"hidden\" name=\"frm_hide_fields_2\" id=\"frm_hide_fields_2\" value=\"\" \/>\n<input type=\"hidden\" name=\"form_key\" value=\"formulario-de-contacto\" \/>\n<input type=\"hidden\" name=\"item_meta[0]\" value=\"\" \/>\n<input type=\"hidden\" id=\"frm_submit_entry_2\" name=\"frm_submit_entry_2\" value=\"3d9d53d1e6\" \/><input type=\"hidden\" name=\"_wp_http_referer\" value=\"\/eu\/wp-json\/wp\/v2\/pages\/52\" \/><div id=\"frm_field_6_container\" class=\"frm_form_field form-field  frm_required_field frm_top_container frm12 frm_first\">\r\n    <label for=\"field_qh4icy2\" id=\"field_qh4icy2_label\" class=\"frm_primary_label\">Izena\r\n        <span class=\"frm_required\" aria-hidden=\"true\">*<\/span>\r\n    <\/label>\r\n    <input type=\"text\" id=\"field_qh4icy2\" name=\"item_meta[6]\" value=\"\"  placeholder=\"Adibidea: Maria Gonzalez\" data-reqmsg=\"Este campo no puede estar en blanco.\" aria-required=\"true\" data-invmsg=\"Name no es v\u00e1lido\" aria-invalid=\"false\"   aria-describedby=\"frm_desc_field_qh4icy2\"\/>\r\n    <div class=\"frm_description\" id=\"frm_desc_field_qh4icy2\">Mesedez, idatzi zure izen-abizenak behar bezala zuzendu ahal izateko.<\/div>\r\n    \r\n<\/div>\n<div id=\"frm_field_7_container\" class=\"frm_form_field form-field  frm_required_field frm_top_container frm_full\">\r\n    <label for=\"field_29yf4d2\" id=\"field_29yf4d2_label\" class=\"frm_primary_label\">Posta elektronikoa\r\n        <span class=\"frm_required\" aria-hidden=\"true\">*<\/span>\r\n    <\/label>\r\n    <input type=\"email\" id=\"field_29yf4d2\" name=\"item_meta[7]\" value=\"\"  placeholder=\"Adibidea: maria@gmail.com\" data-reqmsg=\"Este campo no puede estar en blanco.\" aria-required=\"true\" data-invmsg=\"Please enter a valid email address\" aria-invalid=\"false\"   aria-describedby=\"frm_desc_field_29yf4d2\"\/>\r\n    <div class=\"frm_description\" id=\"frm_desc_field_29yf4d2\">Mesedez, sartu baliozko helbide elektroniko bat. Han jarriko gara zurekin harremanetan zure kontsultari erantzuteko.<\/div>\r\n    \r\n<\/div>\n<div id=\"frm_field_8_container\" class=\"frm_form_field form-field  frm_required_field frm_top_container frm_full\">\r\n    <label for=\"field_e6lis62\" id=\"field_e6lis62_label\" class=\"frm_primary_label\">Afera\r\n        <span class=\"frm_required\" aria-hidden=\"true\">*<\/span>\r\n    <\/label>\r\n    <input type=\"text\" id=\"field_e6lis62\" name=\"item_meta[8]\" value=\"\"  placeholder=\"Adibidea: Web irisgarritasunari buruzko kontsulta\" data-reqmsg=\"Este campo no puede estar en blanco.\" aria-required=\"true\" data-invmsg=\"Subject no es v\u00e1lido\" aria-invalid=\"false\"   aria-describedby=\"frm_desc_field_e6lis62\"\/>\r\n    <div class=\"frm_description\" id=\"frm_desc_field_e6lis62\">Laburbildu zure mezuaren arrazoia.<\/div>\r\n    \r\n<\/div>\n<div id=\"frm_field_9_container\" class=\"frm_form_field form-field  frm_required_field frm_top_container frm_full\">\r\n    <label for=\"field_9jv0r12\" id=\"field_9jv0r12_label\" class=\"frm_primary_label\">Mezua\r\n        <span class=\"frm_required\" aria-hidden=\"true\">*<\/span>\r\n    <\/label>\r\n    <textarea name=\"item_meta[9]\" id=\"field_9jv0r12\" rows=\"5\"  placeholder=\"Idatzi zure mezua hemen...\" data-reqmsg=\"Este campo no puede estar en blanco.\" aria-required=\"true\" data-invmsg=\"Mensaje is invalid\" aria-invalid=\"false\"   aria-describedby=\"frm_desc_field_9jv0r12\"><\/textarea>\r\n    <div class=\"frm_description\" id=\"frm_desc_field_9jv0r12\">Esaguzu xehetasunez nola lagundu zaitzakegun. Zenbat eta informazio gehiago eman, orduan eta hobeto erantzun ahal izango dizugu.<\/div>\r\n    \r\n<\/div>\n<div id=\"frm_field_10_container\" class=\"frm_form_field form-field  frm_required_field frm_top_container vertical_radio\">\r\n    <div  id=\"field_nvsq0_label\" class=\"frm_primary_label\">\r\n        <span class=\"frm_required\" aria-hidden=\"true\">*<\/span>\r\n    <\/div>\r\n    <div class=\"frm_opt_container\" aria-labelledby=\"field_nvsq0_label\" role=\"group\">\t\t<div class=\"frm_checkbox\" id=\"frm_checkbox_10-0\">\t\t\t<label  for=\"field_nvsq0-0\">\n\t\t\t<input type=\"checkbox\" name=\"item_meta[10][]\" id=\"field_nvsq0-0\" value=\"He le\u00eddo y acepto los &lt;a href=&quot;https:\/\/accesia.info\/politica-de-privacidad\/&quot; target=&quot;_blank&quot; rel=&quot;noopener noreferrer&quot;&gt;t\u00e9rminos de privacidad del sitio web&lt;\/a&gt;.\"  data-reqmsg=\"This field no puede estar en blanco.\" data-invmsg=\"This field is invalid\"   aria-required=\"true\"  \/> Irakurri eta onartzen dut <a href=\"https:\/\/accesia.info\/politica-de-privacidad\/\" target=\"_blank\" rel=\"noopener noreferrer\">webgunearen pribatutasun-baldintzak<\/a>.<\/label><\/div>\n<\/div>\r\n    \r\n    \r\n<\/div>\n<div id=\"frm_field_11_container\" class=\"frm_form_field form-field  frm_none_container\">\n\t<label for=\"cf-turnstile-response\" id=\"field_6peq7_label\" class=\"frm_primary_label\">Captcha\n\t\t<span class=\"frm_required\" aria-hidden=\"true\"><\/span>\n\t<\/label>\n\t<div  id=\"field_6peq7\" class=\"frm-cf-turnstile\" data-sitekey=\"0x4AAAAAAB0quoORkyZjErVY\" data-language=\"eu\" data-size=\"normal\" data-theme=\"light\"><\/div>\n\t\n\t\n<\/div>\n<div id=\"frm_field_12_container\" class=\"frm_form_field form-field\">\r\n\t<div class=\"frm_submit\">\r\n\r\n<button class=\"frm_button_submit\" type=\"submit\"  >Bidali<\/button>\r\n\r\n<\/div>\r\n<\/div>\n\t<input type=\"hidden\" name=\"item_key\" value=\"\" \/>\n\t\t\t<div id=\"frm_field_13_container\">\n\t\t\t<label for=\"field_i1xvx\" >\n\t\t\t\tIf you are human, leave this field blank.\t\t\t<\/label>\n\t\t\t<input  id=\"field_i1xvx\" type=\"text\" class=\"frm_form_field form-field frm_verify\" name=\"item_meta[13]\" value=\"\"  \/>\n\t\t<\/div>\n\t\t<input name=\"frm_state\" type=\"hidden\" value=\"WXsHAOodlNMBaFhuldAmT3ezmBOORhJ+USdNuMUIo2Y=\" \/><\/div>\n<\/fieldset>\n<\/div>\n\n<input type=\"hidden\" name=\"trp-form-language\" value=\"eu\"\/><\/form>\n<\/div>\n    <\/div>\n<\/div>\n<!-- \/module plain text -->        <\/div>\n                    <div  data-lazy=\"1\" class=\"module_column sub_column col3-1 tb_xg8z180 last\">\n                    <!-- module text -->\n<div  class=\"module module-text tb_s9fs539\" data-lazy=\"1\">\n        <div  class=\"tb_text_wrap\">\n        <h4>Helbidea<\/h4>    <\/div>\n<\/div>\n<!-- \/module text --><!-- module icon -->\n<div  class=\"module module-icon tb_n0m9732    icon_horizontal\" data-lazy=\"1\">\n\t\t\t<div class=\"module-icon-item\">\n\t\t\t\t\t\t\t<a href=\"https:\/\/maps.app.goo.gl\/3GngoP1R7ZAmAcMWA\" rel=\"noopener\" target=\"_blank\">\n\t\t\t\t\t\t\t\t\t\t\t\t\t\t\t\t\t<em class=\"tf_box\"\n\t\t\t\t\t\t\t\t\t\t\t\t\t\t\t\t\t><svg  class=\"tf_fa tf-ti-direction\" aria-hidden=\"true\"><use href=\"#tf-ti-direction\"><\/use><\/svg><\/em>\n\t\t\t\t\t\t\t\t\t\t\t\t\t\t\t\t\t\t\t<span>Berriobide kalea 40, Iru\u00f1a, Espainia. 31013<\/span>\n\t\t\t\t\t\t\t\t\t\t\t\t\t\t\t\t\t<\/a>\n\t\t\t\t\t<\/div>\n\t<\/div>\n<!-- \/module icon -->\n<!-- module text -->\n<div  class=\"module module-text tb_r9f2417\" data-lazy=\"1\">\n        <div  class=\"tb_text_wrap\">\n        <h4>Telefonoa<\/h4>    <\/div>\n<\/div>\n<!-- \/module text --><!-- module icon -->\n<div  class=\"module module-icon tb_noux708    icon_vertical\" data-lazy=\"1\">\n\t\t\t<div class=\"module-icon-item\">\n\t\t\t\t\t\t\t<a href=\"tel:948206697\">\n\t\t\t\t\t\t\t\t\t\t\t\t\t\t\t\t\t<em class=\"tf_box\"\n\t\t\t\t\t\t\t\t\t\t\t\t\t\t\t\t\t><svg  class=\"tf_fa tf-fas-phone\" aria-hidden=\"true\"><use href=\"#tf-fas-phone\"><\/use><\/svg><\/em>\n\t\t\t\t\t\t\t\t\t\t\t\t\t\t\t\t\t\t\t<span>948 20 66 97<\/span>\n\t\t\t\t\t\t\t\t\t\t\t\t\t\t\t\t\t<\/a>\n\t\t\t\t\t<\/div>\n\t<\/div>\n<!-- \/module icon -->\n<!-- module text -->\n<div  class=\"module module-text tb_j5kc609\" data-lazy=\"1\">\n        <div  class=\"tb_text_wrap\">\n        <h4>Posta elektronikoa<\/h4>    <\/div>\n<\/div>\n<!-- \/module text --><!-- module icon -->\n<div  class=\"module module-icon tb_trss391    icon_vertical\" data-lazy=\"1\">\n\t\t\t<div class=\"module-icon-item\">\n\t\t\t\t\t\t\t<a href=\"mailto:info@cederna.es\" rel=\"noopener\" target=\"_blank\">\n\t\t\t\t\t\t\t\t\t\t\t\t\t\t\t\t\t<em class=\"tf_box\"\n\t\t\t\t\t\t\t\t\t\t\t\t\t\t\t\t\t><svg  class=\"tf_fa tf-far-envelope\" aria-hidden=\"true\"><use href=\"#tf-far-envelope\"><\/use><\/svg><\/em>\n\t\t\t\t\t\t\t\t\t\t\t\t\t\t\t\t\t\t\t<span>info@cederna.es<\/span>\n\t\t\t\t\t\t\t\t\t\t\t\t\t\t\t\t\t<\/a>\n\t\t\t\t\t<\/div>\n\t<\/div>\n<!-- \/module icon -->\n        <\/div>\n                    <\/div>\n                <\/div>\n                        <\/div>\n        <\/div>\n        <\/div>\n<!--\/themify_builder_content-->","protected":false},"excerpt":{"rendered":"<p>Kontaktua<\/p>","protected":false},"author":1,"featured_media":0,"parent":0,"menu_order":0,"comment_status":"closed","ping_status":"closed","template":"","meta":{"footnotes":""},"class_list":["post-52","page","type-page","status-publish","hentry","has-post-title","has-post-date","has-post-category","has-post-tag","has-post-comment","has-post-author",""],"yoast_head":"<!-- This site is optimized with the Yoast SEO plugin v26.4 - https:\/\/yoast.com\/wordpress\/plugins\/seo\/ -->\n<title>Contacto - Cederna Garalur<\/title>\n<meta name=\"robots\" content=\"noindex, follow, max-snippet:-1, max-image-preview:large, max-video-preview:-1\" \/>\n<meta property=\"og:locale\" content=\"en_US\" \/>\n<meta property=\"og:type\" content=\"article\" \/>\n<meta property=\"og:title\" content=\"Contacto - Cederna Garalur\" \/>\n<meta property=\"og:description\" content=\"Contacto\" \/>\n<meta property=\"og:url\" content=\"https:\/\/accescity.accesia.info\/eu\/contacto\/\" \/>\n<meta property=\"og:site_name\" content=\"Cederna Garalur\" \/>\n<meta property=\"article:modified_time\" content=\"2025-09-19T22:23:59+00:00\" \/>\n<meta property=\"og:image\" content=\"https:\/\/accescity.accesia.info\/wp-content\/uploads\/2025\/08\/map-1024x530-1160x600.jpg\" \/>\n<meta name=\"twitter:card\" content=\"summary_large_image\" \/>\n<meta name=\"twitter:label1\" content=\"Est. reading time\" \/>\n\t<meta name=\"twitter:data1\" content=\"1 minutua\" \/>\n<script type=\"application\/ld+json\" class=\"yoast-schema-graph\">{\"@context\":\"https:\/\/schema.org\",\"@graph\":[{\"@type\":\"WebPage\",\"@id\":\"https:\/\/accescity.accesia.info\/contacto\/\",\"url\":\"https:\/\/accescity.accesia.info\/contacto\/\",\"name\":\"Contacto - Cederna Garalur\",\"isPartOf\":{\"@id\":\"https:\/\/accescity.accesia.info\/#website\"},\"primaryImageOfPage\":{\"@id\":\"https:\/\/accescity.accesia.info\/contacto\/#primaryimage\"},\"image\":{\"@id\":\"https:\/\/accescity.accesia.info\/contacto\/#primaryimage\"},\"thumbnailUrl\":\"https:\/\/accescity.accesia.info\/wp-content\/uploads\/2025\/08\/map-1024x530-1160x600.jpg\",\"datePublished\":\"2020-05-29T13:23:50+00:00\",\"dateModified\":\"2025-09-19T22:23:59+00:00\",\"breadcrumb\":{\"@id\":\"https:\/\/accescity.accesia.info\/contacto\/#breadcrumb\"},\"inLanguage\":\"eu\",\"potentialAction\":[{\"@type\":\"ReadAction\",\"target\":[\"https:\/\/accescity.accesia.info\/contacto\/\"]}]},{\"@type\":\"ImageObject\",\"inLanguage\":\"eu\",\"@id\":\"https:\/\/accescity.accesia.info\/contacto\/#primaryimage\",\"url\":\"https:\/\/accescity.accesia.info\/wp-content\/uploads\/2025\/08\/map-1024x530-1160x600.jpg\",\"contentUrl\":\"https:\/\/accescity.accesia.info\/wp-content\/uploads\/2025\/08\/map-1024x530-1160x600.jpg\"},{\"@type\":\"BreadcrumbList\",\"@id\":\"https:\/\/accescity.accesia.info\/contacto\/#breadcrumb\",\"itemListElement\":[{\"@type\":\"ListItem\",\"position\":1,\"name\":\"Portada\",\"item\":\"https:\/\/accescity.accesia.info\/\"},{\"@type\":\"ListItem\",\"position\":2,\"name\":\"Contacto\"}]},{\"@type\":\"WebSite\",\"@id\":\"https:\/\/accescity.accesia.info\/#website\",\"url\":\"https:\/\/accescity.accesia.info\/\",\"name\":\"Cederna Garalur\",\"description\":\"Plazaola \u2013 Sakana \u2013 Ultzamaldea da un paso m\u00e1s hacia la accesibilidad con un plan que busca convertir el territorio en un referente de turismo inclusivo, sostenible y aut\u00e9ntico. Un proyecto abierto a instituciones, empresas y ciudadan\u00eda para que nadie se quede atr\u00e1s.\",\"potentialAction\":[{\"@type\":\"SearchAction\",\"target\":{\"@type\":\"EntryPoint\",\"urlTemplate\":\"https:\/\/accescity.accesia.info\/?s={search_term_string}\"},\"query-input\":{\"@type\":\"PropertyValueSpecification\",\"valueRequired\":true,\"valueName\":\"search_term_string\"}}],\"inLanguage\":\"eu\"}]}<\/script>\n<!-- \/ Yoast SEO plugin. -->","yoast_head_json":{"title":"Contacto - Cederna Garalur","robots":{"index":"noindex","follow":"follow","max-snippet":"max-snippet:-1","max-image-preview":"max-image-preview:large","max-video-preview":"max-video-preview:-1"},"og_locale":"en_US","og_type":"article","og_title":"Contacto - Cederna Garalur","og_description":"Contacto","og_url":"https:\/\/accescity.accesia.info\/eu\/contacto\/","og_site_name":"Cederna Garalur","article_modified_time":"2025-09-19T22:23:59+00:00","og_image":[{"url":"https:\/\/accescity.accesia.info\/wp-content\/uploads\/2025\/08\/map-1024x530-1160x600.jpg","type":"","width":"","height":""}],"twitter_card":"summary_large_image","twitter_misc":{"Est. reading time":"1 minutua"},"schema":{"@context":"https:\/\/schema.org","@graph":[{"@type":"WebPage","@id":"https:\/\/accescity.accesia.info\/contacto\/","url":"https:\/\/accescity.accesia.info\/contacto\/","name":"Contacto - Cederna Garalur","isPartOf":{"@id":"https:\/\/accescity.accesia.info\/#website"},"primaryImageOfPage":{"@id":"https:\/\/accescity.accesia.info\/contacto\/#primaryimage"},"image":{"@id":"https:\/\/accescity.accesia.info\/contacto\/#primaryimage"},"thumbnailUrl":"https:\/\/accescity.accesia.info\/wp-content\/uploads\/2025\/08\/map-1024x530-1160x600.jpg","datePublished":"2020-05-29T13:23:50+00:00","dateModified":"2025-09-19T22:23:59+00:00","breadcrumb":{"@id":"https:\/\/accescity.accesia.info\/contacto\/#breadcrumb"},"inLanguage":"eu","potentialAction":[{"@type":"ReadAction","target":["https:\/\/accescity.accesia.info\/contacto\/"]}]},{"@type":"ImageObject","inLanguage":"eu","@id":"https:\/\/accescity.accesia.info\/contacto\/#primaryimage","url":"https:\/\/accescity.accesia.info\/wp-content\/uploads\/2025\/08\/map-1024x530-1160x600.jpg","contentUrl":"https:\/\/accescity.accesia.info\/wp-content\/uploads\/2025\/08\/map-1024x530-1160x600.jpg"},{"@type":"BreadcrumbList","@id":"https:\/\/accescity.accesia.info\/contacto\/#breadcrumb","itemListElement":[{"@type":"ListItem","position":1,"name":"Portada","item":"https:\/\/accescity.accesia.info\/"},{"@type":"ListItem","position":2,"name":"Contacto"}]},{"@type":"WebSite","@id":"https:\/\/accescity.accesia.info\/#website","url":"https:\/\/accescity.accesia.info\/","name":"Cederna Garalur","description":"Plazaola\u2013Sakana\u2013Ultzamaldea irisgarritasunaren aldeko beste urrats bat ematen ari da, eskualdea turismo inklusibo, jasangarri eta benetakoaren erreferente bihurtzeko plan batekin. Proiektu hau erakunde, enpresa eta herritarrentzat irekita dago, inor atzean geratu ez dadin.","potentialAction":[{"@type":"SearchAction","target":{"@type":"EntryPoint","urlTemplate":"https:\/\/accescity.accesia.info\/?s={search_term_string}"},"query-input":{"@type":"PropertyValueSpecification","valueRequired":true,"valueName":"search_term_string"}}],"inLanguage":"eu"}]}},"builder_content":"<h1>Contacto<\/h1>\n<h3><strong data-start=\"189\" data-end=\"222\">Un espacio abierto al di\u00e1logo<\/strong><\/h3> <p>El Plan de Accesibilidad de Plazaola\u2013Sakana\u2013Ultzamaldea es un proyecto compartido. Queremos escuchar a instituciones, empresas y ciudadan\u00eda para construir juntos un destino m\u00e1s inclusivo.<br><br data-start=\"412\" data-end=\"415\">Si tienes preguntas, propuestas o simplemente quieres ponerte en contacto con el equipo, aqu\u00ed encontrar\u00e1s todas las v\u00edas para hacerlo.<\/p>\n<h2>Env\u00edanos un mensaje<\/h2> <p>\u00bfTienes dudas, propuestas o quieres m\u00e1s informaci\u00f3n sobre el Plan de Accesibilidad de Plazaola\u2013Sakana\u2013Ultzamaldea?<br><br data-start=\"349\" data-end=\"352\">Rellena el formulario o escr\u00edbenos directamente y estaremos encantados de ayudarte.<\/p>\n[formidable id=2]\n<h4>Direcci\u00f3n<\/h4>\n<a href=\"https:\/\/maps.app.goo.gl\/3GngoP1R7ZAmAcMWA\" rel=\"noopener\" target=\"_blank\"> <em ><svg aria-hidden=\"true\"><use href=\"#tf-ti-direction\"><\/use><\/svg><\/em> Calle Berriobide 40, Pamplona, Espa\u00f1a. 31013 <\/a>\n<h4>Tel\u00e9fono<\/h4>\n<a href=\"tel:948206697\"> <em ><svg aria-hidden=\"true\"><use href=\"#tf-fas-phone\"><\/use><\/svg><\/em> 948 20 66 97 <\/a>\n<h4>Correo electr\u00f3nico<\/h4>\n<a href=\"mailto:info@cederna.es\" rel=\"noopener\" target=\"_blank\"> <em ><svg aria-hidden=\"true\"><use href=\"#tf-far-envelope\"><\/use><\/svg><\/em> info@cederna.es <\/a>\n<img src=\"https:\/\/accescity.accesia.info\/wp-content\/uploads\/2025\/08\/map.jpg\" width=\"1160\" height=\"600\" title=\"Contacto\" alt=\"Contacto\">","_links":{"self":[{"href":"https:\/\/accescity.accesia.info\/eu\/wp-json\/wp\/v2\/pages\/52","targetHints":{"allow":["GET"]}}],"collection":[{"href":"https:\/\/accescity.accesia.info\/eu\/wp-json\/wp\/v2\/pages"}],"about":[{"href":"https:\/\/accescity.accesia.info\/eu\/wp-json\/wp\/v2\/types\/page"}],"author":[{"embeddable":true,"href":"https:\/\/accescity.accesia.info\/eu\/wp-json\/wp\/v2\/users\/1"}],"replies":[{"embeddable":true,"href":"https:\/\/accescity.accesia.info\/eu\/wp-json\/wp\/v2\/comments?post=52"}],"version-history":[{"count":46,"href":"https:\/\/accescity.accesia.info\/eu\/wp-json\/wp\/v2\/pages\/52\/revisions"}],"predecessor-version":[{"id":715,"href":"https:\/\/accescity.accesia.info\/eu\/wp-json\/wp\/v2\/pages\/52\/revisions\/715"}],"wp:attachment":[{"href":"https:\/\/accescity.accesia.info\/eu\/wp-json\/wp\/v2\/media?parent=52"}],"curies":[{"name":"wp","href":"https:\/\/api.w.org\/{rel}","templated":true}]}}