{"id":54,"date":"2020-05-29T11:00:53","date_gmt":"2020-05-29T11:00:53","guid":{"rendered":"https:\/\/accescity.accesia.info\/?page_id=54"},"modified":"2025-09-19T21:33:08","modified_gmt":"2025-09-19T19:33:08","slug":"sobre-el-plan","status":"publish","type":"page","link":"https:\/\/accescity.accesia.info\/eu\/sobre-el-plan\/","title":{"rendered":"Planari buruz"},"content":{"rendered":"<!--themify_builder_content-->\n<div id=\"themify_builder_content-54\" data-postid=\"54\" class=\"themify_builder_content themify_builder_content-54 themify_builder tf_clear\">\n                    <div  data-lazy=\"1\" class=\"module_row themify_builder_row tb_g4i5222 tb_first tf_w\">\n            <span  class=\"builder_row_cover tf_abs\" data-lazy=\"1\"><\/span>            <div class=\"row_inner col_align_top tb_col_count_1 tf_box tf_rel\">\n                        <div  data-lazy=\"1\" class=\"module_column tb-column col-full tb_26r7224 first\">\n                    <!-- module text -->\n<div  class=\"module module-text tb_o844472\" data-lazy=\"1\">\n        <div  class=\"tb_text_wrap\">\n        <h1>Planari buruz<\/h1>    <\/div>\n<\/div>\n<!-- \/module text -->        <\/div>\n                        <\/div>\n        <\/div>\n                        <div  data-lazy=\"1\" class=\"module_row themify_builder_row tb_7vmy141 tf_w\">\n                        <div class=\"row_inner col_align_top tb_col_count_1 tf_box tf_rel\">\n                        <div  data-lazy=\"1\" class=\"module_column tb-column col-full tb_wris141 first\">\n                            <div  data-lazy=\"1\" class=\"module_subrow themify_builder_sub_row tf_w col_align_top tb_col_count_1 tb_v8k1141\">\n                <div  data-lazy=\"1\" class=\"module_column sub_column col-full tb_rdcb141 first\">\n                    <!-- module text -->\n<div  class=\"module module-text tb_pfim141\" data-lazy=\"1\">\n        <div  class=\"tb_text_wrap\">\n        <h2>Plazaola \u2013 Sakana \u2013 Ultzamaldea: irisgarritasunerantz doan helmuga<\/h2>    <\/div>\n<\/div>\n<!-- \/module text -->        <\/div>\n                    <\/div>\n                <div  data-lazy=\"1\" class=\"module_subrow themify_builder_sub_row tf_w col_align_top tb_col_count_1 tb_8kja141\">\n                <div  data-lazy=\"1\" class=\"module_column sub_column col-full tb_dxoc141 first\">\n                    <!-- module text -->\n<div  class=\"module module-text tb_93we141\" data-lazy=\"1\">\n        <div  class=\"tb_text_wrap\">\n        <p data-start=\"142\" data-end=\"416\" class=\"translation-block\"><strong data-start=\"145\" data-end=\"210\">Plazaola-Sakana-Ultzamaldea helmugarako Irisgarritasun Plana<\/strong> ideia argi batekin jaio zen: <strong data-start=\"236\" data-end=\"277\">pertsona guztientzat bideak irekitzea<\/strong>. Hemen, mendien, bide berdeen eta arima duten herrien artean, ulertu dugu turismo osoa soilik dela, <strong data-start=\"392\" data-end=\"413\">inor kanpoan uzten ez duena<\/strong>.<\/p>\n<p data-start=\"418\" data-end=\"725\" class=\"translation-block\">Plan honek <strong data-start=\"438\" data-end=\"468\">gure historiaren indarra, Euskal identitatea<\/strong> eta lurraldearen edertasun naturala kontuan hartu, eta <strong data-start=\"473\" data-end=\"496\">helburu partekatu batean<\/strong> biltzen ditu: <strong data-start=\"555\" data-end=\"578\">helmuga irisgarri eta jasangarria<\/strong> bilakatzea. Bisitatzen gaituztenek hemen dena  <strong data-start=\"587\" data-end=\"621\">oztoporik gabe gozatzeko<\/strong> pentsatuta dagoela sentitzea nahi dugu.<\/p>\n<p data-start=\"727\" data-end=\"907\" class=\"translation-block\">Ez dira soilik <strong data-start=\"747\" data-end=\"770\">arrapalak edo seinaleak, munduari begiratzeko modu bat baizik<\/strong>. Gure lurra berdintasunean bizikletaz zein oinez ezagutzeko eta dastatzeko gonbidapena da.<\/p>\n<p data-start=\"909\" data-end=\"1061\" class=\"translation-block\"><strong data-start=\"909\" data-end=\"962\">Plazaola, Sakana eta Ultzamaldea abian dira<\/strong> hasieratik etxera itzultzerainoko bidaia, <strong data-start=\"1031\" data-end=\"1058\">esperientzia mugagabea<\/strong> izan dadin.<\/p>    <\/div>\n<\/div>\n<!-- \/module text -->        <\/div>\n                    <\/div>\n                <div  data-lazy=\"1\" class=\"module_subrow themify_builder_sub_row tf_w col_align_top tb_col_count_1 tb_bg0i141\">\n                <div  data-lazy=\"1\" class=\"module_column sub_column col-full tb_ar4c141 first\">\n                    <!-- module divider -->\n<div  class=\"module tf_mw module-divider tb_tja3141 solid    hide-tablet hide-mobile\" style=\"border-width: 1px;border-color: #f3f3f3;margin-top: 24px;margin-bottom: 24px;\" data-lazy=\"1\">\n    <\/div>\n<!-- \/module divider -->\n        <\/div>\n                    <\/div>\n                <div  data-lazy=\"1\" class=\"module_subrow themify_builder_sub_row tf_w col_align_top tb_col_count_2 tb_tl67141\">\n                <div  data-lazy=\"1\" class=\"module_column sub_column tb_qv38141 first\">\n                    <!-- module image -->\n<div  class=\"module module-image tb_bgv9141 image-top rounded drop-shadow  auto_fullwidth tf_mw\" data-lazy=\"1\">\n        <div class=\"image-wrap tf_rel tf_mw\">\n            <img loading=\"lazy\" decoding=\"async\" src=\"https:\/\/accescity.accesia.info\/wp-content\/uploads\/2025\/09\/pexels-bmeyendriesch-10713935-1024x681-555x454.jpg\" width=\"555\" height=\"454\" class=\"wp-post-image wp-image-497\" title=\"Dos personas caminando por un sendero hacia un pueblo con casas y una iglesia al fondo\" alt=\"Dos personas caminando por un sendero hacia un pueblo con casas y una iglesia al fondo\">    \n        <\/div>\n    <!-- \/image-wrap -->\n    \n        <\/div>\n<!-- \/module image -->        <\/div>\n                    <div  data-lazy=\"1\" class=\"module_column sub_column tb_6iz9141 last\">\n                    <!-- module text -->\n<div  class=\"module module-text tb_7bty141\" data-lazy=\"1\">\n        <div  class=\"tb_text_wrap\">\n        <h3>Zure parte hartzea<\/h3>\n<p data-start=\"93\" data-end=\"173\" class=\"translation-block\">Plan honek <strong data-start=\"103\" data-end=\"170\">ez du bere buruarekin bakarrik funtzionatuko: guztion inplikazioa behar du<\/strong>.<\/p>\n<p data-start=\"175\" data-end=\"297\" class=\"translation-block\"><strong data-start=\"179\" data-end=\"268\">Turismo sektoreko agenteek, erakundeek, tokiko enpresek eta herritarrek<\/strong> rol erabakigarria jokatzen dugu.<\/p>\n<p data-start=\"299\" data-end=\"638\" class=\"translation-block\"><strong data-start=\"309\" data-end=\"403\">Helmuga irisgarri bat ez baita bulegoetatik eraikitzen, guztion lanarekin baizik<\/strong>. Horretarako, hobekien dakitenei entzun behar zaie: <strong data-start=\"446\" data-end=\"506\">aniztasun funtzionala duten pertsonei eta haien elkarteei<\/strong>. Beharrezkoa da, halaber, tokiko negozioak aurrerapauso bat ematera animatzea, espazioak egokituz, ikasiz eta lankidetzan arituz.<\/p>\n<p data-start=\"640\" data-end=\"758\" class=\"translation-block\">Irisgarritasuna ez da <strong data-start=\"667\" data-end=\"686\">betebehar soil bat<\/strong>, kontrara, <strong data-start=\"695\" data-end=\"755\">bisitari gehiagori ateak irekitzeko aukera goxo<\/strong> bat da.<\/p>\n<p data-start=\"760\" data-end=\"878\" class=\"translation-block\">Eta batez ere,  <strong data-start=\"780\" data-end=\"804\">enpatia ariketa<\/strong>: bestearen lekuan jarri eta  <strong data-start=\"846\" data-end=\"875\"> oztoporik gabeko esperientziak<\/strong> diseinatzea.<\/p>    <\/div>\n<\/div>\n<!-- \/module text -->        <\/div>\n                    <\/div>\n                <\/div>\n                        <\/div>\n        <\/div>\n                        <div  data-lazy=\"1\" class=\"module_row themify_builder_row tb_fw81380 tf_w\">\n                        <div class=\"row_inner col_align_top tb_col_count_1 tf_box tf_rel\">\n                        <div  data-lazy=\"1\" class=\"module_column tb-column col-full tb_7vkn382 first\">\n                            <div  data-lazy=\"1\" class=\"module_subrow themify_builder_sub_row tf_w col_align_top tb_col_count_2 tb_y9x0387\">\n                <div  data-lazy=\"1\" class=\"module_column sub_column tb_gwu0388 first\">\n                    <!-- module text -->\n<div  class=\"module module-text tb_5kma389\" data-lazy=\"1\">\n        <div  class=\"tb_text_wrap\">\n        <h3>Zein dira onurak?<\/h3>\n<p data-start=\"138\" data-end=\"324\" class=\"translation-block\"><strong data-start=\"148\" data-end=\"211\">Lurralde bat eskuragarri bihurtzen<\/strong> denean, <strong data-start=\"222\" data-end=\"262\">denok irabazten dugu. Turismoarentzako aukera berriak<\/strong> irekitzen dira, <strong data-start=\"280\" data-end=\"298\">tokiko ekonomia<\/strong> sendotu eta <strong data-start=\"311\" data-end=\"321\">enplegua sortzen baita<\/strong>.<\/p>\n<p data-start=\"326\" data-end=\"525\" class=\"translation-block\">Dendek eta ostatuek <strong data-start=\"368\" data-end=\"384\"> tratu  inklusiboa<\/strong> baloratzen duen <strong data-start=\"399\" data-end=\"418\">publiko leiala<\/strong> topatzen dute. Herri txikietako zerbitzuak eta bizitza <strong data-start=\"478\" data-end=\"522\">etorri eta errepikatzen duten bisitariei<\/strong> esker mantentzen dira.<\/p>\n<p data-start=\"527\" data-end=\"653\" class=\"translation-block\">Baina ekonomiaz harago, badago onura handiagoa: <strong data-start=\"584\" data-end=\"650\">berdintasunean eta inklusioan erreferentziazko lurraldea izatearen harrotasuna<\/strong>.<\/p>\n<p data-start=\"655\" data-end=\"872\" class=\"translation-block\">Plazaola-Sakana-Ultzamaldea irisgarria bilakatzea ez da ekintza teknikoa soilik, <strong data-start=\"730\" data-end=\"751\">etorkizuna ereitea<\/strong> da: edonorentzat <strong data-start=\"766\" data-end=\"793\">esperientzia seguruak, erosoak eta autonomoak<\/strong> bermatuko dituen <strong data-start=\"808\" data-end=\"853\">irisgarritasun-katea<\/strong> sortzea da.<\/p>\n<p data-start=\"874\" data-end=\"1010\">Azken finean, nor garen islatzen duen turismo eredu bat eraikitzea da kontua: <strong data-start=\"949\" data-end=\"1007\">mugarik gabeko herri ireki eta atsegina<\/strong>.<\/p>    <\/div>\n<\/div>\n<!-- \/module text -->        <\/div>\n                    <div  data-lazy=\"1\" class=\"module_column sub_column tb_sbpe388 last\">\n                    <!-- module image -->\n<div  class=\"module module-image tb_casm388 image-top rounded drop-shadow  auto_fullwidth tf_mw\" data-lazy=\"1\">\n        <div class=\"image-wrap tf_rel tf_mw\">\n            <img loading=\"lazy\" decoding=\"async\" src=\"https:\/\/accescity.accesia.info\/wp-content\/uploads\/2025\/09\/pexels-the-trvlr-3073305-819x1024-555x464.jpg\" width=\"555\" height=\"464\" class=\"wp-post-image wp-image-499\" title=\"Colina iluminada por el sol al amanecer con monta\u00f1as oscuras detr\u00e1s\" alt=\"Colina iluminada por el sol al amanecer con monta\u00f1as oscuras detr\u00e1s\">    \n        <\/div>\n    <!-- \/image-wrap -->\n    \n        <\/div>\n<!-- \/module image -->        <\/div>\n                    <\/div>\n                <\/div>\n                        <\/div>\n        <\/div>\n        <\/div>\n<!--\/themify_builder_content-->\n\n\n<p><\/p>","protected":false},"excerpt":{"rendered":"","protected":false},"author":1,"featured_media":0,"parent":0,"menu_order":0,"comment_status":"closed","ping_status":"closed","template":"","meta":{"footnotes":""},"class_list":["post-54","page","type-page","status-publish","hentry","has-post-title","has-post-date","has-post-category","has-post-tag","has-post-comment","has-post-author",""],"yoast_head":"<!-- This site is optimized with the Yoast SEO plugin v26.4 - https:\/\/yoast.com\/wordpress\/plugins\/seo\/ -->\n<title>Sobre el Plan - Cederna Garalur<\/title>\n<meta name=\"robots\" content=\"noindex, follow, max-snippet:-1, max-image-preview:large, max-video-preview:-1\" \/>\n<meta property=\"og:locale\" content=\"en_US\" \/>\n<meta property=\"og:type\" content=\"article\" \/>\n<meta property=\"og:title\" content=\"Sobre el Plan - Cederna Garalur\" \/>\n<meta property=\"og:url\" content=\"https:\/\/accescity.accesia.info\/eu\/sobre-el-plan\/\" \/>\n<meta property=\"og:site_name\" content=\"Cederna Garalur\" \/>\n<meta property=\"article:modified_time\" content=\"2025-09-19T19:33:08+00:00\" \/>\n<meta property=\"og:image\" content=\"https:\/\/accescity.accesia.info\/wp-content\/uploads\/2025\/09\/pexels-bmeyendriesch-10713935-scaled.jpg\" \/>\n\t<meta property=\"og:image:width\" content=\"2560\" \/>\n\t<meta property=\"og:image:height\" content=\"1703\" \/>\n\t<meta property=\"og:image:type\" content=\"image\/jpeg\" \/>\n<meta name=\"twitter:card\" content=\"summary_large_image\" \/>\n<meta name=\"twitter:label1\" content=\"Est. reading time\" \/>\n\t<meta name=\"twitter:data1\" content=\"2 minutua\" \/>\n<script type=\"application\/ld+json\" class=\"yoast-schema-graph\">{\"@context\":\"https:\/\/schema.org\",\"@graph\":[{\"@type\":\"WebPage\",\"@id\":\"https:\/\/accescity.accesia.info\/sobre-el-plan\/\",\"url\":\"https:\/\/accescity.accesia.info\/sobre-el-plan\/\",\"name\":\"Sobre el Plan - Cederna Garalur\",\"isPartOf\":{\"@id\":\"https:\/\/accescity.accesia.info\/#website\"},\"primaryImageOfPage\":{\"@id\":\"https:\/\/accescity.accesia.info\/sobre-el-plan\/#primaryimage\"},\"image\":{\"@id\":\"https:\/\/accescity.accesia.info\/sobre-el-plan\/#primaryimage\"},\"thumbnailUrl\":\"https:\/\/accescity.accesia.info\/wp-content\/uploads\/2025\/09\/pexels-bmeyendriesch-10713935-1024x681-555x454.jpg\",\"datePublished\":\"2020-05-29T11:00:53+00:00\",\"dateModified\":\"2025-09-19T19:33:08+00:00\",\"breadcrumb\":{\"@id\":\"https:\/\/accescity.accesia.info\/sobre-el-plan\/#breadcrumb\"},\"inLanguage\":\"eu\",\"potentialAction\":[{\"@type\":\"ReadAction\",\"target\":[\"https:\/\/accescity.accesia.info\/sobre-el-plan\/\"]}]},{\"@type\":\"ImageObject\",\"inLanguage\":\"eu\",\"@id\":\"https:\/\/accescity.accesia.info\/sobre-el-plan\/#primaryimage\",\"url\":\"https:\/\/accescity.accesia.info\/wp-content\/uploads\/2025\/09\/pexels-bmeyendriesch-10713935-1024x681-555x454.jpg\",\"contentUrl\":\"https:\/\/accescity.accesia.info\/wp-content\/uploads\/2025\/09\/pexels-bmeyendriesch-10713935-1024x681-555x454.jpg\"},{\"@type\":\"BreadcrumbList\",\"@id\":\"https:\/\/accescity.accesia.info\/sobre-el-plan\/#breadcrumb\",\"itemListElement\":[{\"@type\":\"ListItem\",\"position\":1,\"name\":\"Portada\",\"item\":\"https:\/\/accescity.accesia.info\/\"},{\"@type\":\"ListItem\",\"position\":2,\"name\":\"Sobre el Plan\"}]},{\"@type\":\"WebSite\",\"@id\":\"https:\/\/accescity.accesia.info\/#website\",\"url\":\"https:\/\/accescity.accesia.info\/\",\"name\":\"Cederna Garalur\",\"description\":\"Plazaola \u2013 Sakana \u2013 Ultzamaldea da un paso m\u00e1s hacia la accesibilidad con un plan que busca convertir el territorio en un referente de turismo inclusivo, sostenible y aut\u00e9ntico. Un proyecto abierto a instituciones, empresas y ciudadan\u00eda para que nadie se quede atr\u00e1s.\",\"potentialAction\":[{\"@type\":\"SearchAction\",\"target\":{\"@type\":\"EntryPoint\",\"urlTemplate\":\"https:\/\/accescity.accesia.info\/?s={search_term_string}\"},\"query-input\":{\"@type\":\"PropertyValueSpecification\",\"valueRequired\":true,\"valueName\":\"search_term_string\"}}],\"inLanguage\":\"eu\"}]}<\/script>\n<!-- \/ Yoast SEO plugin. -->","yoast_head_json":{"title":"Sobre el Plan - Cederna Garalur","robots":{"index":"noindex","follow":"follow","max-snippet":"max-snippet:-1","max-image-preview":"max-image-preview:large","max-video-preview":"max-video-preview:-1"},"og_locale":"en_US","og_type":"article","og_title":"Sobre el Plan - Cederna Garalur","og_url":"https:\/\/accescity.accesia.info\/eu\/sobre-el-plan\/","og_site_name":"Cederna Garalur","article_modified_time":"2025-09-19T19:33:08+00:00","og_image":[{"width":2560,"height":1703,"url":"https:\/\/accescity.accesia.info\/wp-content\/uploads\/2025\/09\/pexels-bmeyendriesch-10713935-scaled.jpg","type":"image\/jpeg"}],"twitter_card":"summary_large_image","twitter_misc":{"Est. reading time":"2 minutua"},"schema":{"@context":"https:\/\/schema.org","@graph":[{"@type":"WebPage","@id":"https:\/\/accescity.accesia.info\/sobre-el-plan\/","url":"https:\/\/accescity.accesia.info\/sobre-el-plan\/","name":"Sobre el Plan - Cederna Garalur","isPartOf":{"@id":"https:\/\/accescity.accesia.info\/#website"},"primaryImageOfPage":{"@id":"https:\/\/accescity.accesia.info\/sobre-el-plan\/#primaryimage"},"image":{"@id":"https:\/\/accescity.accesia.info\/sobre-el-plan\/#primaryimage"},"thumbnailUrl":"https:\/\/accescity.accesia.info\/wp-content\/uploads\/2025\/09\/pexels-bmeyendriesch-10713935-1024x681-555x454.jpg","datePublished":"2020-05-29T11:00:53+00:00","dateModified":"2025-09-19T19:33:08+00:00","breadcrumb":{"@id":"https:\/\/accescity.accesia.info\/sobre-el-plan\/#breadcrumb"},"inLanguage":"eu","potentialAction":[{"@type":"ReadAction","target":["https:\/\/accescity.accesia.info\/sobre-el-plan\/"]}]},{"@type":"ImageObject","inLanguage":"eu","@id":"https:\/\/accescity.accesia.info\/sobre-el-plan\/#primaryimage","url":"https:\/\/accescity.accesia.info\/wp-content\/uploads\/2025\/09\/pexels-bmeyendriesch-10713935-1024x681-555x454.jpg","contentUrl":"https:\/\/accescity.accesia.info\/wp-content\/uploads\/2025\/09\/pexels-bmeyendriesch-10713935-1024x681-555x454.jpg"},{"@type":"BreadcrumbList","@id":"https:\/\/accescity.accesia.info\/sobre-el-plan\/#breadcrumb","itemListElement":[{"@type":"ListItem","position":1,"name":"Portada","item":"https:\/\/accescity.accesia.info\/"},{"@type":"ListItem","position":2,"name":"Sobre el Plan"}]},{"@type":"WebSite","@id":"https:\/\/accescity.accesia.info\/#website","url":"https:\/\/accescity.accesia.info\/","name":"Cederna Garalur","description":"Plazaola\u2013Sakana\u2013Ultzamaldea irisgarritasunaren aldeko beste urrats bat ematen ari da, eskualdea turismo inklusibo, jasangarri eta benetakoaren erreferente bihurtzeko plan batekin. Proiektu hau erakunde, enpresa eta herritarrentzat irekita dago, inor atzean geratu ez dadin.","potentialAction":[{"@type":"SearchAction","target":{"@type":"EntryPoint","urlTemplate":"https:\/\/accescity.accesia.info\/?s={search_term_string}"},"query-input":{"@type":"PropertyValueSpecification","valueRequired":true,"valueName":"search_term_string"}}],"inLanguage":"eu"}]}},"builder_content":"<h1>Sobre el plan<\/h1>\n<h2>Plazaola \u2013 Sakana \u2013 Ultzamaldea: un destino que avanza hacia la accesibilidad<\/h2>\n<p data-start=\"142\" data-end=\"416\">El <strong data-start=\"145\" data-end=\"210\">Plan de Accesibilidad del destino Plazaola-Sakana-Ultzamaldea<\/strong> nace con una idea clara: <strong data-start=\"236\" data-end=\"277\">abrir caminos para todas las personas<\/strong>. Aqu\u00ed, entre <strong data-start=\"291\" data-end=\"335\">monta\u00f1as, v\u00edas verdes y pueblos con alma<\/strong>, hemos entendido que el turismo solo es completo cuando <strong data-start=\"392\" data-end=\"413\">nadie queda fuera<\/strong>.<\/p> <p data-start=\"418\" data-end=\"725\">Este plan recoge la <strong data-start=\"438\" data-end=\"468\">fuerza de nuestra historia<\/strong>, la <strong data-start=\"473\" data-end=\"496\">identidad euskaldun<\/strong> y la <strong data-start=\"502\" data-end=\"536\">belleza natural del territorio<\/strong>, y las une con un <strong data-start=\"555\" data-end=\"578\">objetivo compartido<\/strong>: ser un <strong data-start=\"587\" data-end=\"621\">destino accesible y sostenible<\/strong>. Queremos que quienes nos visiten sientan que aqu\u00ed todo est\u00e1 pensado para <strong data-start=\"696\" data-end=\"722\">disfrutar sin barreras<\/strong>.<\/p> <p data-start=\"727\" data-end=\"907\">No se trata solo de <strong data-start=\"747\" data-end=\"770\">rampas o se\u00f1al\u00e9tica<\/strong>, sino de <strong data-start=\"780\" data-end=\"811\">una forma de mirar el mundo<\/strong>. Es una invitaci\u00f3n a <strong data-start=\"833\" data-end=\"904\">descubrir, pedalear, caminar y saborear nuestra tierra con igualdad<\/strong>.<\/p> <p data-start=\"909\" data-end=\"1061\"><strong data-start=\"909\" data-end=\"962\">Plazaola, Sakana y Ultzamaldea se ponen en marcha<\/strong> para que el viaje, desde el inicio hasta el regreso a casa, sea una <strong data-start=\"1031\" data-end=\"1058\">experiencia sin l\u00edmites<\/strong>.<\/p>\n\n<img src=\"https:\/\/accescity.accesia.info\/wp-content\/uploads\/2025\/09\/pexels-bmeyendriesch-10713935-1024x681-555x454.jpg\" width=\"555\" height=\"454\" title=\"Dos personas caminando por un sendero hacia un pueblo con casas y una iglesia al fondo\" alt=\"Dos personas caminando por un sendero hacia un pueblo con casas y una iglesia al fondo\">\n<h3>Tu implicaci\u00f3n<\/h3> <p data-start=\"93\" data-end=\"173\">Este plan <strong data-start=\"103\" data-end=\"170\">no puede caminar solo: necesita la implicaci\u00f3n de todas y todos<\/strong>.<\/p> <p data-start=\"175\" data-end=\"297\">Los <strong data-start=\"179\" data-end=\"268\">agentes del sector tur\u00edstico, las instituciones, las empresas locales y la ciudadan\u00eda<\/strong> jugamos un papel decisivo.<\/p> <p data-start=\"299\" data-end=\"638\">Porque un <strong data-start=\"309\" data-end=\"403\">destino accesible no se construye desde los despachos, sino desde el compromiso compartido<\/strong>. Hace falta escuchar a quienes m\u00e1s saben: <strong data-start=\"446\" data-end=\"506\">las personas con diversidad funcional y sus asociaciones<\/strong>. Hace falta tambi\u00e9n que los <strong data-start=\"535\" data-end=\"555\">negocios locales<\/strong> se animen a dar un paso adelante, adaptando espacios, aprendiendo y colaborando.<\/p> <p data-start=\"640\" data-end=\"758\">La accesibilidad no es una <strong data-start=\"667\" data-end=\"686\">obligaci\u00f3n fr\u00eda<\/strong>, es una <strong data-start=\"695\" data-end=\"755\">oportunidad c\u00e1lida de abrir las puertas a m\u00e1s visitantes<\/strong>.<\/p> <p data-start=\"760\" data-end=\"878\">Y sobre todo, es un <strong data-start=\"780\" data-end=\"804\">ejercicio de empat\u00eda<\/strong>: ponernos en el lugar del otro y dise\u00f1ar <strong data-start=\"846\" data-end=\"875\">experiencias sin barreras<\/strong>.<\/p>\n<h3>\u00bfQu\u00e9 beneficios obtenemos?<\/h3> <p data-start=\"138\" data-end=\"324\">Cuando un <strong data-start=\"148\" data-end=\"211\">territorio se convierte en accesible, ganamos todas y todos<\/strong>. Se abren <strong data-start=\"222\" data-end=\"262\">nuevas oportunidades para el turismo<\/strong>, se fortalece la <strong data-start=\"280\" data-end=\"298\">econom\u00eda local<\/strong> y se genera <strong data-start=\"311\" data-end=\"321\">empleo<\/strong>.<\/p> <p data-start=\"326\" data-end=\"525\">Los comercios y alojamientos descubren un <strong data-start=\"368\" data-end=\"384\">p\u00fablico fiel<\/strong> que valora el <strong data-start=\"399\" data-end=\"418\">trato inclusivo<\/strong>. Los pueblos peque\u00f1os mantienen servicios y vida gracias a <strong data-start=\"478\" data-end=\"522\">personas visitantes que llegan y repiten<\/strong>.<\/p> <p data-start=\"527\" data-end=\"653\">Pero m\u00e1s all\u00e1 de la econom\u00eda, hay un beneficio mayor: el <strong data-start=\"584\" data-end=\"650\">orgullo de ser un territorio referente en igualdad e inclusi\u00f3n<\/strong>.<\/p> <p data-start=\"655\" data-end=\"872\">Hacer accesible Plazaola-Sakana-Ultzamaldea no es solo una acci\u00f3n t\u00e9cnica, <strong data-start=\"730\" data-end=\"751\">es sembrar futuro<\/strong>. Es crear una <strong data-start=\"766\" data-end=\"793\">cadena de accesibilidad<\/strong> que garantice <strong data-start=\"808\" data-end=\"853\">experiencias seguras, c\u00f3modas y aut\u00f3nomas<\/strong> para cualquiera.<\/p> <p data-start=\"874\" data-end=\"1010\">En definitiva, es construir un modelo de turismo que refleja lo que somos: <strong data-start=\"949\" data-end=\"1007\">un pueblo abierto, acogedor y sin fronteras invisibles<\/strong>.<\/p>\n<img src=\"https:\/\/accescity.accesia.info\/wp-content\/uploads\/2025\/09\/pexels-the-trvlr-3073305-819x1024-555x464.jpg\" width=\"555\" height=\"464\" title=\"Colina iluminada por el sol al amanecer con monta\u00f1as oscuras detr\u00e1s\" alt=\"Colina iluminada por el sol al amanecer con monta\u00f1as oscuras detr\u00e1s\">\n<h2>V\u00eddeo<\/h2> <p>\u00a0Nam ac nisi ex. Morbi iaculis feugiat felis, a commodo augue rutrum nec. Praesent urna sem, condimentum quis porta at, sollicitudin ultricies mi.<br>Quisque ut nunc ac magna bibendum venenatis.<\/p>\n<a href=\"https:\/\/www.youtube.com\/watch?v=FPPce2D8pYI\"> <svg aria-label=\"Open\" role=\"img\"><use href=\"#tf-ti-search\"><\/use><\/svg> <img src=\"https:\/\/accescity.accesia.info\/wp-content\/uploads\/2025\/08\/about-video-950x500-1-950x500.png\" width=\"950\" height=\"500\" title=\"about-video-950x500-1\" alt=\"about-video-950x500-1\" srcset=\"https:\/\/accescity.accesia.info\/wp-content\/uploads\/2025\/08\/about-video-950x500-1.png 950w, https:\/\/accescity.accesia.info\/wp-content\/uploads\/2025\/08\/about-video-950x500-1-300x158.png 300w, https:\/\/accescity.accesia.info\/wp-content\/uploads\/2025\/08\/about-video-950x500-1-768x404.png 768w\" sizes=\"(max-width: 950px) 100vw, 950px\" \/> <\/a>","_links":{"self":[{"href":"https:\/\/accescity.accesia.info\/eu\/wp-json\/wp\/v2\/pages\/54","targetHints":{"allow":["GET"]}}],"collection":[{"href":"https:\/\/accescity.accesia.info\/eu\/wp-json\/wp\/v2\/pages"}],"about":[{"href":"https:\/\/accescity.accesia.info\/eu\/wp-json\/wp\/v2\/types\/page"}],"author":[{"embeddable":true,"href":"https:\/\/accescity.accesia.info\/eu\/wp-json\/wp\/v2\/users\/1"}],"replies":[{"embeddable":true,"href":"https:\/\/accescity.accesia.info\/eu\/wp-json\/wp\/v2\/comments?post=54"}],"version-history":[{"count":51,"href":"https:\/\/accescity.accesia.info\/eu\/wp-json\/wp\/v2\/pages\/54\/revisions"}],"predecessor-version":[{"id":698,"href":"https:\/\/accescity.accesia.info\/eu\/wp-json\/wp\/v2\/pages\/54\/revisions\/698"}],"wp:attachment":[{"href":"https:\/\/accescity.accesia.info\/eu\/wp-json\/wp\/v2\/media?parent=54"}],"curies":[{"name":"wp","href":"https:\/\/api.w.org\/{rel}","templated":true}]}}