{"id":623,"date":"2025-09-19T20:30:34","date_gmt":"2025-09-19T18:30:34","guid":{"rendered":"https:\/\/accescity.accesia.info\/eventos-copy\/"},"modified":"2025-09-20T01:13:58","modified_gmt":"2025-09-19T23:13:58","slug":"politica-de-privacidad","status":"publish","type":"page","link":"https:\/\/accescity.accesia.info\/eu\/politica-de-privacidad\/","title":{"rendered":"Pribatutasun Politika"},"content":{"rendered":"<!--themify_builder_content-->\n<div id=\"themify_builder_content-623\" data-postid=\"623\" class=\"themify_builder_content themify_builder_content-623 themify_builder tf_clear\">\n                    <div  data-lazy=\"1\" class=\"module_row themify_builder_row tb_m1at614 tb_first tf_w\">\n                        <div class=\"row_inner col_align_top tb_col_count_1 tf_box tf_rel\">\n                        <div  data-lazy=\"1\" class=\"module_column tb-column col-full tb_ag15163 first\">\n                            <div  data-lazy=\"1\" class=\"module_subrow themify_builder_sub_row tf_w col_align_top tb_col_count_1 tb_w9zp002\">\n                <div  data-lazy=\"1\" class=\"module_column sub_column col-full tb_yr5b640 first\">\n                    <!-- module text -->\n<div  class=\"module module-text tb_e9j1900\" data-lazy=\"1\">\n        <div  class=\"tb_text_wrap\">\n        <h2 data-start=\"118\" data-end=\"306\"><strong data-start=\"118\" data-end=\"134\">Pribatutasun Politika<\/strong><\/h2>\n<p data-start=\"1283\" data-end=\"1625\">2016\/679 (EB) Erregelamenduarekin (RGPD) eta 3\/2018 Lege Organikoarekin (LOPDGDD) bat etorriz, jakinarazten dizugu gune honetako formularioen bidez bildutako datu pertsonalak honako hauek tratatuko dituela: <strong data-start=\"1480\" data-end=\"1499\">Cederna Garalur<\/strong> kontsultei erantzuteko, informazio eskaerak prozesatzeko eta ekitaldien izen-emateak kudeatzeko.<\/p><p data-start=\"1627\" data-end=\"1661\"><strong data-start=\"1627\" data-end=\"1659\">Datuen kontrolatzailea:<\/strong><\/p><ul data-start=\"1662\" data-end=\"1793\">\n<li data-start=\"1662\" data-end=\"1681\">\n<p data-start=\"1664\" data-end=\"1681\">Cederna Garalur<\/p>\n<\/li>\n<li data-start=\"1682\" data-end=\"1739\">\n<p data-start=\"1684\" data-end=\"1739\">Helbidea: Berriobide kalea 40, Iru\u00f1a, Espainia 31013<\/p>\n<\/li>\n<li data-start=\"1740\" data-end=\"1766\">\n<p data-start=\"1742\" data-end=\"1766\">Telefonoa: <a href=\"tel:948206697\">948 20 66 97<\/a><\/p>\n<\/li>\n<li data-start=\"1767\" data-end=\"1793\">\n<p data-start=\"1769\" data-end=\"1793\">Helbide elektronikoa: <a data-start=\"1776\" data-end=\"1791\" class=\"decorated-link cursor-pointer\" rel=\"noopener\">info@cederna.es<span aria-hidden=\"true\" class=\"ms-0.5 inline-block align-middle leading-none\"><svg width=\"20\" height=\"20\" viewbox=\"0 0 20 20\" fill=\"currentColor\" xmlns=\"http:\/\/www.w3.org\/2000\/svg\" data-rtl-flip=\"\" class=\"block h-[0.75em] w-[0.75em] stroke-current stroke-[0.75]\"><path d=\"M14.3349 13.3301V6.60645L5.47065 15.4707C5.21095 15.7304 4.78895 15.7304 4.52925 15.4707C4.26955 15.211 4.26955 14.789 4.52925 14.5293L13.3935 5.66504H6.66011C6.29284 5.66504 5.99507 5.36727 5.99507 5C5.99507 4.63273 6.29284 4.33496 6.66011 4.33496H14.9999L15.1337 4.34863C15.4369 4.41057 15.665 4.67857 15.665 5V13.3301C15.6649 13.6973 15.3672 13.9951 14.9999 13.9951C14.6327 13.9951 14.335 13.6973 14.3349 13.3301Z\"><\/path><\/svg><\/span><\/a><\/p>\n<\/li>\n<\/ul><p data-start=\"1795\" data-end=\"1914\"><strong data-start=\"1795\" data-end=\"1809\">Helburua:<\/strong> formularioen bidez jasotako eskaerak kudeatu eta bide elektronikoen bidezko harremanetarako informazioa lortu.<\/p><p data-start=\"1916\" data-end=\"1966\"><strong data-start=\"1916\" data-end=\"1933\">Legitimazioa:<\/strong> interesdunaren baimena.<\/p><p data-start=\"1968\" data-end=\"2050\"><strong data-start=\"1968\" data-end=\"1986\">Hartzaileak:<\/strong> Datuak ez zaizkie hirugarrenei lagako, legezko betebeharra ez bada.<\/p><p data-start=\"118\" data-end=\"306\">\n\n\n\n\n\n<\/p><p data-start=\"2052\" data-end=\"2252\"><strong data-start=\"2052\" data-end=\"2065\">Eskubideak:<\/strong> Interesdunek sarbide, zuzenketa, ezabatze, aurkaritza, eramangarritasun eta tratamendua mugatzeko eskubideak erabil ditzakete helbide honetara eskaera bidaliz. <a data-start=\"2234\" data-end=\"2249\" class=\"decorated-link cursor-pointer\" rel=\"noopener\">info@cederna.es<span aria-hidden=\"true\" class=\"ms-0.5 inline-block align-middle leading-none\"><svg width=\"20\" height=\"20\" viewbox=\"0 0 20 20\" fill=\"currentColor\" xmlns=\"http:\/\/www.w3.org\/2000\/svg\" data-rtl-flip=\"\" class=\"block h-[0.75em] w-[0.75em] stroke-current stroke-[0.75]\"><path d=\"M14.3349 13.3301V6.60645L5.47065 15.4707C5.21095 15.7304 4.78895 15.7304 4.52925 15.4707C4.26955 15.211 4.26955 14.789 4.52925 14.5293L13.3935 5.66504H6.66011C6.29284 5.66504 5.99507 5.36727 5.99507 5C5.99507 4.63273 6.29284 4.33496 6.66011 4.33496H14.9999L15.1337 4.34863C15.4369 4.41057 15.665 4.67857 15.665 5V13.3301C15.6649 13.6973 15.3672 13.9951 14.9999 13.9951C14.6327 13.9951 14.335 13.6973 14.3349 13.3301Z\"><\/path><\/svg><\/span><\/a>.<\/p>    <\/div>\n<\/div>\n<!-- \/module text -->        <\/div>\n                    <\/div>\n                <\/div>\n                        <\/div>\n        <\/div>\n        <\/div>\n<!--\/themify_builder_content-->\n\n\n<p><\/p>","protected":false},"excerpt":{"rendered":"","protected":false},"author":1,"featured_media":0,"parent":0,"menu_order":0,"comment_status":"closed","ping_status":"closed","template":"","meta":{"footnotes":""},"class_list":["post-623","page","type-page","status-publish","hentry","has-post-title","has-post-date","has-post-category","has-post-tag","has-post-comment","has-post-author",""],"yoast_head":"<!-- This site is optimized with the Yoast SEO plugin v26.4 - https:\/\/yoast.com\/wordpress\/plugins\/seo\/ -->\n<title>Politica de privacidad - Cederna Garalur<\/title>\n<meta name=\"robots\" content=\"noindex, follow, max-snippet:-1, max-image-preview:large, max-video-preview:-1\" \/>\n<meta property=\"og:locale\" content=\"en_US\" \/>\n<meta property=\"og:type\" content=\"article\" \/>\n<meta property=\"og:title\" content=\"Politica de privacidad - Cederna Garalur\" \/>\n<meta property=\"og:url\" content=\"https:\/\/accescity.accesia.info\/eu\/politica-de-privacidad\/\" \/>\n<meta property=\"og:site_name\" content=\"Cederna Garalur\" \/>\n<meta property=\"article:modified_time\" content=\"2025-09-19T23:13:58+00:00\" \/>\n<meta name=\"twitter:card\" content=\"summary_large_image\" \/>\n<meta name=\"twitter:label1\" content=\"Est. reading time\" \/>\n\t<meta name=\"twitter:data1\" content=\"1 minutua\" \/>\n<script type=\"application\/ld+json\" class=\"yoast-schema-graph\">{\"@context\":\"https:\/\/schema.org\",\"@graph\":[{\"@type\":\"WebPage\",\"@id\":\"https:\/\/accescity.accesia.info\/politica-de-privacidad\/\",\"url\":\"https:\/\/accescity.accesia.info\/politica-de-privacidad\/\",\"name\":\"Politica de privacidad - Cederna Garalur\",\"isPartOf\":{\"@id\":\"https:\/\/accescity.accesia.info\/#website\"},\"datePublished\":\"2025-09-19T18:30:34+00:00\",\"dateModified\":\"2025-09-19T23:13:58+00:00\",\"breadcrumb\":{\"@id\":\"https:\/\/accescity.accesia.info\/politica-de-privacidad\/#breadcrumb\"},\"inLanguage\":\"eu\",\"potentialAction\":[{\"@type\":\"ReadAction\",\"target\":[\"https:\/\/accescity.accesia.info\/politica-de-privacidad\/\"]}]},{\"@type\":\"BreadcrumbList\",\"@id\":\"https:\/\/accescity.accesia.info\/politica-de-privacidad\/#breadcrumb\",\"itemListElement\":[{\"@type\":\"ListItem\",\"position\":1,\"name\":\"Portada\",\"item\":\"https:\/\/accescity.accesia.info\/\"},{\"@type\":\"ListItem\",\"position\":2,\"name\":\"Politica de privacidad\"}]},{\"@type\":\"WebSite\",\"@id\":\"https:\/\/accescity.accesia.info\/#website\",\"url\":\"https:\/\/accescity.accesia.info\/\",\"name\":\"Cederna Garalur\",\"description\":\"Plazaola \u2013 Sakana \u2013 Ultzamaldea da un paso m\u00e1s hacia la accesibilidad con un plan que busca convertir el territorio en un referente de turismo inclusivo, sostenible y aut\u00e9ntico. Un proyecto abierto a instituciones, empresas y ciudadan\u00eda para que nadie se quede atr\u00e1s.\",\"potentialAction\":[{\"@type\":\"SearchAction\",\"target\":{\"@type\":\"EntryPoint\",\"urlTemplate\":\"https:\/\/accescity.accesia.info\/?s={search_term_string}\"},\"query-input\":{\"@type\":\"PropertyValueSpecification\",\"valueRequired\":true,\"valueName\":\"search_term_string\"}}],\"inLanguage\":\"eu\"}]}<\/script>\n<!-- \/ Yoast SEO plugin. -->","yoast_head_json":{"title":"Politica de privacidad - Cederna Garalur","robots":{"index":"noindex","follow":"follow","max-snippet":"max-snippet:-1","max-image-preview":"max-image-preview:large","max-video-preview":"max-video-preview:-1"},"og_locale":"en_US","og_type":"article","og_title":"Politica de privacidad - Cederna Garalur","og_url":"https:\/\/accescity.accesia.info\/eu\/politica-de-privacidad\/","og_site_name":"Cederna Garalur","article_modified_time":"2025-09-19T23:13:58+00:00","twitter_card":"summary_large_image","twitter_misc":{"Est. reading time":"1 minutua"},"schema":{"@context":"https:\/\/schema.org","@graph":[{"@type":"WebPage","@id":"https:\/\/accescity.accesia.info\/politica-de-privacidad\/","url":"https:\/\/accescity.accesia.info\/politica-de-privacidad\/","name":"Politica de privacidad - Cederna Garalur","isPartOf":{"@id":"https:\/\/accescity.accesia.info\/#website"},"datePublished":"2025-09-19T18:30:34+00:00","dateModified":"2025-09-19T23:13:58+00:00","breadcrumb":{"@id":"https:\/\/accescity.accesia.info\/politica-de-privacidad\/#breadcrumb"},"inLanguage":"eu","potentialAction":[{"@type":"ReadAction","target":["https:\/\/accescity.accesia.info\/politica-de-privacidad\/"]}]},{"@type":"BreadcrumbList","@id":"https:\/\/accescity.accesia.info\/politica-de-privacidad\/#breadcrumb","itemListElement":[{"@type":"ListItem","position":1,"name":"Portada","item":"https:\/\/accescity.accesia.info\/"},{"@type":"ListItem","position":2,"name":"Politica de privacidad"}]},{"@type":"WebSite","@id":"https:\/\/accescity.accesia.info\/#website","url":"https:\/\/accescity.accesia.info\/","name":"Cederna Garalur","description":"Plazaola\u2013Sakana\u2013Ultzamaldea irisgarritasunaren aldeko beste urrats bat ematen ari da, eskualdea turismo inklusibo, jasangarri eta benetakoaren erreferente bihurtzeko plan batekin. Proiektu hau erakunde, enpresa eta herritarrentzat irekita dago, inor atzean geratu ez dadin.","potentialAction":[{"@type":"SearchAction","target":{"@type":"EntryPoint","urlTemplate":"https:\/\/accescity.accesia.info\/?s={search_term_string}"},"query-input":{"@type":"PropertyValueSpecification","valueRequired":true,"valueName":"search_term_string"}}],"inLanguage":"eu"}]}},"builder_content":"<h2 data-start=\"118\" data-end=\"306\"><strong data-start=\"118\" data-end=\"134\">Pol\u00edtica de privacidad<\/strong><\/h2> <p data-start=\"1283\" data-end=\"1625\">De conformidad con el Reglamento (UE) 2016\/679 (RGPD) y la Ley Org\u00e1nica 3\/2018 (LOPDGDD), informamos que los datos personales recabados a trav\u00e9s de los formularios de este sitio ser\u00e1n tratados por <strong data-start=\"1480\" data-end=\"1499\">Cederna Garalur<\/strong> con la finalidad de dar respuesta a consultas, tramitar solicitudes de informaci\u00f3n y gestionar las inscripciones a eventos.<\/p><p data-start=\"1627\" data-end=\"1661\"><strong data-start=\"1627\" data-end=\"1659\">Responsable del tratamiento:<\/strong><\/p><ul data-start=\"1662\" data-end=\"1793\"> <li data-start=\"1662\" data-end=\"1681\"> <p data-start=\"1664\" data-end=\"1681\">Cederna Garalur<\/p> <\/li> <li data-start=\"1682\" data-end=\"1739\"> <p data-start=\"1684\" data-end=\"1739\">Direcci\u00f3n: Calle Berriobide 40, Pamplona, Espa\u00f1a 31013<\/p> <\/li> <li data-start=\"1740\" data-end=\"1766\"> <p data-start=\"1742\" data-end=\"1766\">Tel\u00e9fono: <a href=\"tel:948206697\">948 20 66 97<\/a><\/p> <\/li> <li data-start=\"1767\" data-end=\"1793\"> <p data-start=\"1769\" data-end=\"1793\">Email: <a data-start=\"1776\" data-end=\"1791\" rel=\"noopener\">info@cederna.es<svg width=\"20\" height=\"20\" viewBox=\"0 0 20 20\" fill=\"currentColor\" xmlns=\"http:\/\/www.w3.org\/2000\/svg\" data-rtl-flip=\"\"><path d=\"M14.3349 13.3301V6.60645L5.47065 15.4707C5.21095 15.7304 4.78895 15.7304 4.52925 15.4707C4.26955 15.211 4.26955 14.789 4.52925 14.5293L13.3935 5.66504H6.66011C6.29284 5.66504 5.99507 5.36727 5.99507 5C5.99507 4.63273 6.29284 4.33496 6.66011 4.33496H14.9999L15.1337 4.34863C15.4369 4.41057 15.665 4.67857 15.665 5V13.3301C15.6649 13.6973 15.3672 13.9951 14.9999 13.9951C14.6327 13.9951 14.335 13.6973 14.3349 13.3301Z\"><\/path><\/svg><\/a><\/p> <\/li> <\/ul><p data-start=\"1795\" data-end=\"1914\"><strong data-start=\"1795\" data-end=\"1809\">Finalidad:<\/strong> gestionar las solicitudes recibidas a trav\u00e9s de los formularios y el contacto por medios electr\u00f3nicos.<\/p><p data-start=\"1916\" data-end=\"1966\"><strong data-start=\"1916\" data-end=\"1933\">Legitimaci\u00f3n:<\/strong> consentimiento del interesado.<\/p><p data-start=\"1968\" data-end=\"2050\"><strong data-start=\"1968\" data-end=\"1986\">Destinatarios:<\/strong> los datos no ser\u00e1n cedidos a terceros salvo obligaci\u00f3n legal.<\/p><p data-start=\"118\" data-end=\"306\">\n<\/p><p data-start=\"2052\" data-end=\"2252\"><strong data-start=\"2052\" data-end=\"2065\">Derechos:<\/strong> las personas interesadas pueden ejercer sus derechos de acceso, rectificaci\u00f3n, supresi\u00f3n, oposici\u00f3n, portabilidad y limitaci\u00f3n del tratamiento enviando una solicitud a <a data-start=\"2234\" data-end=\"2249\" rel=\"noopener\">info@cederna.es<svg width=\"20\" height=\"20\" viewBox=\"0 0 20 20\" fill=\"currentColor\" xmlns=\"http:\/\/www.w3.org\/2000\/svg\" data-rtl-flip=\"\"><path d=\"M14.3349 13.3301V6.60645L5.47065 15.4707C5.21095 15.7304 4.78895 15.7304 4.52925 15.4707C4.26955 15.211 4.26955 14.789 4.52925 14.5293L13.3935 5.66504H6.66011C6.29284 5.66504 5.99507 5.36727 5.99507 5C5.99507 4.63273 6.29284 4.33496 6.66011 4.33496H14.9999L15.1337 4.34863C15.4369 4.41057 15.665 4.67857 15.665 5V13.3301C15.6649 13.6973 15.3672 13.9951 14.9999 13.9951C14.6327 13.9951 14.335 13.6973 14.3349 13.3301Z\"><\/path><\/svg><\/a>.<\/p>","_links":{"self":[{"href":"https:\/\/accescity.accesia.info\/eu\/wp-json\/wp\/v2\/pages\/623","targetHints":{"allow":["GET"]}}],"collection":[{"href":"https:\/\/accescity.accesia.info\/eu\/wp-json\/wp\/v2\/pages"}],"about":[{"href":"https:\/\/accescity.accesia.info\/eu\/wp-json\/wp\/v2\/types\/page"}],"author":[{"embeddable":true,"href":"https:\/\/accescity.accesia.info\/eu\/wp-json\/wp\/v2\/users\/1"}],"replies":[{"embeddable":true,"href":"https:\/\/accescity.accesia.info\/eu\/wp-json\/wp\/v2\/comments?post=623"}],"version-history":[{"count":11,"href":"https:\/\/accescity.accesia.info\/eu\/wp-json\/wp\/v2\/pages\/623\/revisions"}],"predecessor-version":[{"id":725,"href":"https:\/\/accescity.accesia.info\/eu\/wp-json\/wp\/v2\/pages\/623\/revisions\/725"}],"wp:attachment":[{"href":"https:\/\/accescity.accesia.info\/eu\/wp-json\/wp\/v2\/media?parent=623"}],"curies":[{"name":"wp","href":"https:\/\/api.w.org\/{rel}","templated":true}]}}