{"id":636,"date":"2025-09-19T20:35:13","date_gmt":"2025-09-19T18:35:13","guid":{"rendered":"https:\/\/accescity.accesia.info\/politica-de-privacidad-copy\/"},"modified":"2025-09-20T01:19:26","modified_gmt":"2025-09-19T23:19:26","slug":"politica-de-cookies","status":"publish","type":"page","link":"https:\/\/accescity.accesia.info\/eu\/politica-de-cookies\/","title":{"rendered":"Cookien politika"},"content":{"rendered":"<!--themify_builder_content-->\n<div id=\"themify_builder_content-636\" data-postid=\"636\" class=\"themify_builder_content themify_builder_content-636 themify_builder tf_clear\">\n                    <div  data-lazy=\"1\" class=\"module_row themify_builder_row tb_v52h900 tb_first tf_w\">\n                        <div class=\"row_inner col_align_top tb_col_count_1 tf_box tf_rel\">\n                        <div  data-lazy=\"1\" class=\"module_column tb-column col-full tb_6zhx066 first\">\n                            <div  data-lazy=\"1\" class=\"module_subrow themify_builder_sub_row tf_w col_align_top tb_col_count_1 tb_39yt060\">\n                <div  data-lazy=\"1\" class=\"module_column sub_column col-full tb_1joq262 first\">\n                    <!-- module text -->\n<div  class=\"module module-text tb_f3ue030\" data-lazy=\"1\">\n        <div  class=\"tb_text_wrap\">\n        <h2 data-start=\"118\" data-end=\"306\"><strong data-start=\"118\" data-end=\"134\">Cookien politika<\/strong><\/h2>\n<p data-start=\"271\" data-end=\"431\"><strong data-start=\"271\" data-end=\"290\">Cederna Garalur<\/strong> cookieak eta antzeko teknologiak erabiltzen ditu webgunean <strong data-start=\"351\" data-end=\"404\">Plazaola\u2013Sakana\u2013Ultzamaldea Irisgarritasun Plana<\/strong> (aurrerantzean, \u201cWebgunea\u201d).<\/p>\n<p data-start=\"433\" data-end=\"663\">Webgune hau erabiliz gero, cookien erabilera onartzen duzu Politika honen arabera. Cookien erabilera onartzen ez baduzu, desgaitu ditzakezu Politika honetako argibideak jarraituz edo zure arakatzailea konfiguratuz.<\/p>\n<h3 data-start=\"670\" data-end=\"696\"><br>Zer dira cookieak?<\/h3>\n<p data-start=\"697\" data-end=\"986\">Cookieak webgune bat bisitatzen duzunean zure gailuan (ordenagailuan, tabletan, telefono mugikorrean, etab.) gordetzen diren testu-fitxategi txikiak dira. Hauek webguneari zure ekintzak eta lehentasunak denbora-tarte batez gogoratzeko aukera ematen diote, erabiltzailearen esperientzia hobetzeko.<\/p>\n<h3 data-start=\"993\" data-end=\"1035\"><br>Webgune honek erabiltzen dituen cookie motak<\/h3>\n<ol data-start=\"1037\" data-end=\"2189\">\n<li data-start=\"1037\" data-end=\"1377\">\n<p data-start=\"1040\" data-end=\"1076\"><strong data-start=\"1040\" data-end=\"1074\">Cookie teknikoak edo funtzionalak<\/strong><\/p>\n<ul data-start=\"1080\" data-end=\"1377\">\n<li data-start=\"1080\" data-end=\"1135\">\n<p data-start=\"1082\" data-end=\"1135\">Webaren oinarrizko funtzionamendurako beharrezkoa.<\/p>\n<\/li>\n<li data-start=\"1139\" data-end=\"1311\">\n<p data-start=\"1141\" data-end=\"1311\">Nabigazioa eta funtsezko zerbitzuak erabiltzea ahalbidetzen dute (adibidez: edukia kargatzea, erabiltzailearen saioa mantentzea edo pantaila gailuaren arabera egokitzea).<\/p>\n<\/li>\n<li data-start=\"1315\" data-end=\"1377\">\n<p data-start=\"1317\" data-end=\"1377\">Ezinbestekoak dira eta ez dute berariazko baimenik behar.<\/p>\n<\/li>\n<\/ul>\n<\/li>\n<li data-start=\"1379\" data-end=\"1749\">\n<p data-start=\"1382\" data-end=\"1406\"><strong data-start=\"1382\" data-end=\"1404\">Cookie analitikoak<\/strong><\/p>\n<ul data-start=\"1410\" data-end=\"1749\">\n<li data-start=\"1410\" data-end=\"1580\">\n<p data-start=\"1412\" data-end=\"1580\">Webgune honek plugina erabiltzen du <strong data-start=\"1439\" data-end=\"1456\">WP Estatistikak<\/strong> webgunearen erabilerari buruzko datu estatistiko anonimoak biltzeko (gehien bisitatutako orrialdeak, bisitari kopurua, etab.).<\/p>\n<\/li>\n<li data-start=\"1584\" data-end=\"1655\">\n<p data-start=\"1586\" data-end=\"1655\">Ez da erabiltzailea identifikatu dezakeen datu pertsonalik biltzen.<\/p>\n<\/li>\n<li data-start=\"1659\" data-end=\"1749\">\n<p data-start=\"1661\" data-end=\"1749\">Zerbitzua hobetzeko eta errendimendua aztertzeko soilik erabiltzen dira.<\/p>\n<\/li>\n<\/ul>\n<\/li>\n<li data-start=\"1751\" data-end=\"2189\">\n<p data-start=\"1754\" data-end=\"1789\"><strong data-start=\"1754\" data-end=\"1787\">Hirugarrenen cookieak (YouTube)<\/strong><\/p>\n<ul data-start=\"1793\" data-end=\"2189\">\n<li data-start=\"1793\" data-end=\"1934\">\n<p data-start=\"1795\" data-end=\"1934\">Plataformatik bideoak txertatzean <strong data-start=\"1835\" data-end=\"1846\">YouTube<\/strong>, honek cookieak instala ditzake zure gailuan helburu analitiko eta jarraipenerako.<\/p>\n<\/li>\n<li data-start=\"1938\" data-end=\"2044\">\n<p data-start=\"1940\" data-end=\"2044\">Cookie hauek zuzenean YouTube\/Google-k kudeatzen ditu eta Cederna Garalur-en kontrolpetik kanpo daude.<\/p>\n<\/li>\n<li data-start=\"2048\" data-end=\"2189\">\n<p data-start=\"2050\" data-end=\"2189\">kontsultatzea gomendatzen dugu <a class=\"decorated-link cursor-pointer\" target=\"_new\" rel=\"noopener\" data-start=\"2076\" data-end=\"2157\">Google-ren cookien politika<\/a> informazio gehiago lortzeko.<\/p>\n<\/li>\n<\/ul>\n<\/li>\n<\/ol>\n<h3 data-start=\"2196\" data-end=\"2233\"><br>Cookieak kontrolatu eta ezabatu<\/h3>\n<p data-start=\"2234\" data-end=\"2356\">Zure gailuan instalatutako cookieak baimendu, blokeatu edo ezabatu ditzakezu zure nabigatzailearen aukerak konfiguratuz:<\/p>\n<ul data-start=\"2358\" data-end=\"2755\">\n<li data-start=\"2358\" data-end=\"2450\">\n<p data-start=\"2360\" data-end=\"2450\"><strong data-start=\"2360\" data-end=\"2377\">Google Chrome<\/strong>: <a class=\"decorated-link cursor-pointer\" target=\"_new\" rel=\"noopener\" data-start=\"2379\" data-end=\"2448\">Argibideak<\/a><\/p>\n<\/li>\n<li data-start=\"2451\" data-end=\"2543\">\n<p data-start=\"2453\" data-end=\"2543\"><strong data-start=\"2453\" data-end=\"2472\">Mozilla Firefox<\/strong>: <a class=\"decorated-link cursor-pointer\" target=\"_new\" rel=\"noopener\" data-start=\"2474\" data-end=\"2541\">Argibideak<\/a><\/p>\n<\/li>\n<li data-start=\"2544\" data-end=\"2635\">\n<p data-start=\"2546\" data-end=\"2635\"><strong data-start=\"2546\" data-end=\"2556\">Safaria<\/strong>: <a class=\"decorated-link cursor-pointer\" target=\"_new\" rel=\"noopener\" data-start=\"2558\" data-end=\"2633\">Argibideak<\/a><\/p>\n<\/li>\n<li data-start=\"2636\" data-end=\"2755\">\n<p data-start=\"2638\" data-end=\"2755\"><strong data-start=\"2638\" data-end=\"2656\">Microsoft Edge<\/strong>: <a class=\"decorated-link cursor-pointer\" target=\"_new\" rel=\"noopener\" data-start=\"2658\" data-end=\"2753\">Argibideak<\/a><\/p>\n<\/li>\n<\/ul>\n<p data-start=\"2757\" data-end=\"2889\">Kontuan izan cookie batzuk desgaitzeak webgunearen funtzionamendu egokian eragina izan dezakeela edo funtzio batzuk mugatu ditzakeela.<\/p>\n<h3 data-start=\"2896\" data-end=\"2929\"><br>Hirugarrenen guneetarako estekak<\/h3>\n<p data-start=\"2930\" data-end=\"3239\">Webgune honek hirugarrenen webguneetako estekak edo txertatutako edukia izan dezake (adibidez, YouTube bideoak). Cederna Garalurrek ez ditu hirugarren hauek erabiltzen dituzten cookieak kontrolatzen eta ez da haien gidalerroen erantzule. Gomendagarria da gune horien cookie politikak zuzenean berrikustea.<\/p>\n<h3 data-start=\"3246\" data-end=\"3284\"><br>Cookie Politikaren aldaketak<\/h3>\n<p data-start=\"3285\" data-end=\"3552\">Cederna Garalurrek eskubidea du Cookie Politika hau edozein unetan aldatzeko edo eguneratzeko, legezko, tekniko edo erabilerako aldaketetara egokitzeko. Edozein aldaketa Webgunean argitaratzen denean sartuko da indarrean.<\/p>\n<h3 data-start=\"3559\" data-end=\"3572\"><br>Kontaktua<\/h3>\n<p data-start=\"3573\" data-end=\"3663\">Webgune honetako cookien erabilerari buruzko edozein zalantza izanez gero, jarri harremanetan:<\/p>\n<p data-start=\"3665\" data-end=\"3686\"><strong data-start=\"3665\" data-end=\"3684\">Cederna Garalur<\/strong><\/p>\n<ul data-start=\"3687\" data-end=\"3798\">\n<li data-start=\"3687\" data-end=\"3744\">\n<p data-start=\"3689\" data-end=\"3744\">Helbidea: Berriobide kalea 40, Iru\u00f1a, Espainia 31013<\/p>\n<\/li>\n<li data-start=\"3745\" data-end=\"3771\">\n<p data-start=\"3747\" data-end=\"3771\">Telefonoa: 948 20 66 97<\/p>\n<\/li>\n<li data-start=\"3772\" data-end=\"3798\">\n<p data-start=\"3774\" data-end=\"3798\">Helbide elektronikoa: <a class=\"decorated-link cursor-pointer\" rel=\"noopener\" data-start=\"3781\" data-end=\"3796\">info@cederna.es<\/a><\/p>\n<\/li>\n<\/ul>    <\/div>\n<\/div>\n<!-- \/module text -->        <\/div>\n                    <\/div>\n                <\/div>\n                        <\/div>\n        <\/div>\n        <\/div>\n<!--\/themify_builder_content-->\n\n\n<p><\/p>","protected":false},"excerpt":{"rendered":"","protected":false},"author":1,"featured_media":0,"parent":0,"menu_order":0,"comment_status":"closed","ping_status":"closed","template":"","meta":{"footnotes":""},"class_list":["post-636","page","type-page","status-publish","hentry","has-post-title","has-post-date","has-post-category","has-post-tag","has-post-comment","has-post-author",""],"yoast_head":"<!-- This site is optimized with the Yoast SEO plugin v26.4 - https:\/\/yoast.com\/wordpress\/plugins\/seo\/ -->\n<title>Politica de cookies - Cederna Garalur<\/title>\n<meta name=\"robots\" content=\"noindex, follow, max-snippet:-1, max-image-preview:large, max-video-preview:-1\" \/>\n<meta property=\"og:locale\" content=\"en_US\" \/>\n<meta property=\"og:type\" content=\"article\" \/>\n<meta property=\"og:title\" content=\"Politica de cookies - Cederna Garalur\" \/>\n<meta property=\"og:url\" content=\"https:\/\/accescity.accesia.info\/eu\/politica-de-cookies\/\" \/>\n<meta property=\"og:site_name\" content=\"Cederna Garalur\" \/>\n<meta property=\"article:modified_time\" content=\"2025-09-19T23:19:26+00:00\" \/>\n<meta name=\"twitter:card\" content=\"summary_large_image\" \/>\n<meta name=\"twitter:label1\" content=\"Est. reading time\" \/>\n\t<meta name=\"twitter:data1\" content=\"2 minutua\" \/>\n<script type=\"application\/ld+json\" class=\"yoast-schema-graph\">{\"@context\":\"https:\/\/schema.org\",\"@graph\":[{\"@type\":\"WebPage\",\"@id\":\"https:\/\/accescity.accesia.info\/politica-de-cookies\/\",\"url\":\"https:\/\/accescity.accesia.info\/politica-de-cookies\/\",\"name\":\"Politica de cookies - Cederna Garalur\",\"isPartOf\":{\"@id\":\"https:\/\/accescity.accesia.info\/#website\"},\"datePublished\":\"2025-09-19T18:35:13+00:00\",\"dateModified\":\"2025-09-19T23:19:26+00:00\",\"breadcrumb\":{\"@id\":\"https:\/\/accescity.accesia.info\/politica-de-cookies\/#breadcrumb\"},\"inLanguage\":\"eu\",\"potentialAction\":[{\"@type\":\"ReadAction\",\"target\":[\"https:\/\/accescity.accesia.info\/politica-de-cookies\/\"]}]},{\"@type\":\"BreadcrumbList\",\"@id\":\"https:\/\/accescity.accesia.info\/politica-de-cookies\/#breadcrumb\",\"itemListElement\":[{\"@type\":\"ListItem\",\"position\":1,\"name\":\"Portada\",\"item\":\"https:\/\/accescity.accesia.info\/\"},{\"@type\":\"ListItem\",\"position\":2,\"name\":\"Politica de cookies\"}]},{\"@type\":\"WebSite\",\"@id\":\"https:\/\/accescity.accesia.info\/#website\",\"url\":\"https:\/\/accescity.accesia.info\/\",\"name\":\"Cederna Garalur\",\"description\":\"Plazaola \u2013 Sakana \u2013 Ultzamaldea da un paso m\u00e1s hacia la accesibilidad con un plan que busca convertir el territorio en un referente de turismo inclusivo, sostenible y aut\u00e9ntico. Un proyecto abierto a instituciones, empresas y ciudadan\u00eda para que nadie se quede atr\u00e1s.\",\"potentialAction\":[{\"@type\":\"SearchAction\",\"target\":{\"@type\":\"EntryPoint\",\"urlTemplate\":\"https:\/\/accescity.accesia.info\/?s={search_term_string}\"},\"query-input\":{\"@type\":\"PropertyValueSpecification\",\"valueRequired\":true,\"valueName\":\"search_term_string\"}}],\"inLanguage\":\"eu\"}]}<\/script>\n<!-- \/ Yoast SEO plugin. -->","yoast_head_json":{"title":"Politica de cookies - Cederna Garalur","robots":{"index":"noindex","follow":"follow","max-snippet":"max-snippet:-1","max-image-preview":"max-image-preview:large","max-video-preview":"max-video-preview:-1"},"og_locale":"en_US","og_type":"article","og_title":"Politica de cookies - Cederna Garalur","og_url":"https:\/\/accescity.accesia.info\/eu\/politica-de-cookies\/","og_site_name":"Cederna Garalur","article_modified_time":"2025-09-19T23:19:26+00:00","twitter_card":"summary_large_image","twitter_misc":{"Est. reading time":"2 minutua"},"schema":{"@context":"https:\/\/schema.org","@graph":[{"@type":"WebPage","@id":"https:\/\/accescity.accesia.info\/politica-de-cookies\/","url":"https:\/\/accescity.accesia.info\/politica-de-cookies\/","name":"Politica de cookies - Cederna Garalur","isPartOf":{"@id":"https:\/\/accescity.accesia.info\/#website"},"datePublished":"2025-09-19T18:35:13+00:00","dateModified":"2025-09-19T23:19:26+00:00","breadcrumb":{"@id":"https:\/\/accescity.accesia.info\/politica-de-cookies\/#breadcrumb"},"inLanguage":"eu","potentialAction":[{"@type":"ReadAction","target":["https:\/\/accescity.accesia.info\/politica-de-cookies\/"]}]},{"@type":"BreadcrumbList","@id":"https:\/\/accescity.accesia.info\/politica-de-cookies\/#breadcrumb","itemListElement":[{"@type":"ListItem","position":1,"name":"Portada","item":"https:\/\/accescity.accesia.info\/"},{"@type":"ListItem","position":2,"name":"Politica de cookies"}]},{"@type":"WebSite","@id":"https:\/\/accescity.accesia.info\/#website","url":"https:\/\/accescity.accesia.info\/","name":"Cederna Garalur","description":"Plazaola\u2013Sakana\u2013Ultzamaldea irisgarritasunaren aldeko beste urrats bat ematen ari da, eskualdea turismo inklusibo, jasangarri eta benetakoaren erreferente bihurtzeko plan batekin. Proiektu hau erakunde, enpresa eta herritarrentzat irekita dago, inor atzean geratu ez dadin.","potentialAction":[{"@type":"SearchAction","target":{"@type":"EntryPoint","urlTemplate":"https:\/\/accescity.accesia.info\/?s={search_term_string}"},"query-input":{"@type":"PropertyValueSpecification","valueRequired":true,"valueName":"search_term_string"}}],"inLanguage":"eu"}]}},"builder_content":"<h2 data-start=\"118\" data-end=\"306\"><strong data-start=\"118\" data-end=\"134\">Pol\u00edtica de cookies<\/strong><\/h2> <p data-start=\"271\" data-end=\"431\"><strong data-start=\"271\" data-end=\"290\">Cederna Garalur<\/strong> utiliza cookies y tecnolog\u00edas similares en el sitio web del <strong data-start=\"351\" data-end=\"404\">Plan de Accesibilidad Plazaola\u2013Sakana\u2013Ultzamaldea<\/strong> (en adelante, \u201cla Web\u201d).<\/p> <p data-start=\"433\" data-end=\"663\">Al utilizar esta Web, aceptas el uso de cookies de acuerdo con esta Pol\u00edtica. Si no est\u00e1s de acuerdo con el uso de cookies, puedes desactivarlas siguiendo las instrucciones indicadas en esta Pol\u00edtica o configurando tu navegador.<\/p> <h3 data-start=\"670\" data-end=\"696\"><br>\u00bfQu\u00e9 son las cookies?<\/h3> <p data-start=\"697\" data-end=\"986\">Las cookies son peque\u00f1os archivos de texto que se almacenan en tu dispositivo (ordenador, tableta, tel\u00e9fono m\u00f3vil, etc.) cuando visitas un sitio web. Permiten que el sitio recuerde tus acciones y preferencias durante un periodo de tiempo, con el fin de mejorar la experiencia de usuario.<\/p> <h3 data-start=\"993\" data-end=\"1035\"><br>Tipos de cookies que utiliza esta web<\/h3> <ol data-start=\"1037\" data-end=\"2189\"> <li data-start=\"1037\" data-end=\"1377\"> <p data-start=\"1040\" data-end=\"1076\"><strong data-start=\"1040\" data-end=\"1074\">Cookies t\u00e9cnicas o funcionales<\/strong><\/p> <ul data-start=\"1080\" data-end=\"1377\"> <li data-start=\"1080\" data-end=\"1135\"> <p data-start=\"1082\" data-end=\"1135\">Necesarias para el funcionamiento b\u00e1sico de la Web.<\/p> <\/li> <li data-start=\"1139\" data-end=\"1311\"> <p data-start=\"1141\" data-end=\"1311\">Permiten la navegaci\u00f3n y el uso de servicios esenciales (por ejemplo: cargar contenidos, mantener la sesi\u00f3n de usuario o adaptar la visualizaci\u00f3n seg\u00fan el dispositivo).<\/p> <\/li> <li data-start=\"1315\" data-end=\"1377\"> <p data-start=\"1317\" data-end=\"1377\">Son imprescindibles y no requieren consentimiento expreso.<\/p> <\/li> <\/ul> <\/li> <li data-start=\"1379\" data-end=\"1749\"> <p data-start=\"1382\" data-end=\"1406\"><strong data-start=\"1382\" data-end=\"1404\">Cookies anal\u00edticas<\/strong><\/p> <ul data-start=\"1410\" data-end=\"1749\"> <li data-start=\"1410\" data-end=\"1580\"> <p data-start=\"1412\" data-end=\"1580\">Esta Web utiliza el plugin <strong data-start=\"1439\" data-end=\"1456\">WP Statistics<\/strong> para recopilar datos estad\u00edsticos an\u00f3nimos sobre el uso de la p\u00e1gina (p\u00e1ginas m\u00e1s visitadas, n\u00famero de visitantes, etc.).<\/p> <\/li> <li data-start=\"1584\" data-end=\"1655\"> <p data-start=\"1586\" data-end=\"1655\">No se recogen datos personales que permitan identificar al usuario.<\/p> <\/li> <li data-start=\"1659\" data-end=\"1749\"> <p data-start=\"1661\" data-end=\"1749\">Se utilizan exclusivamente con fines de mejora del servicio y an\u00e1lisis de rendimiento.<\/p> <\/li> <\/ul> <\/li> <li data-start=\"1751\" data-end=\"2189\"> <p data-start=\"1754\" data-end=\"1789\"><strong data-start=\"1754\" data-end=\"1787\">Cookies de terceros (YouTube)<\/strong><\/p> <ul data-start=\"1793\" data-end=\"2189\"> <li data-start=\"1793\" data-end=\"1934\"> <p data-start=\"1795\" data-end=\"1934\">Al incrustar v\u00eddeos desde la plataforma <strong data-start=\"1835\" data-end=\"1846\">YouTube<\/strong>, esta puede instalar cookies en tu dispositivo con fines anal\u00edticos y de seguimiento.<\/p> <\/li> <li data-start=\"1938\" data-end=\"2044\"> <p data-start=\"1940\" data-end=\"2044\">Estas cookies son gestionadas directamente por YouTube\/Google y escapan al control de Cederna Garalur.<\/p> <\/li> <li data-start=\"2048\" data-end=\"2189\"> <p data-start=\"2050\" data-end=\"2189\">Recomendamos consultar la <a target=\"_new\" rel=\"noopener\" data-start=\"2076\" data-end=\"2157\">pol\u00edtica de cookies de Google<\/a> para obtener m\u00e1s informaci\u00f3n.<\/p> <\/li> <\/ul> <\/li> <\/ol> <h3 data-start=\"2196\" data-end=\"2233\"><br>Control y eliminaci\u00f3n de cookies<\/h3> <p data-start=\"2234\" data-end=\"2356\">Puedes permitir, bloquear o eliminar las cookies instaladas en tu dispositivo configurando las opciones de tu navegador:<\/p> <ul data-start=\"2358\" data-end=\"2755\"> <li data-start=\"2358\" data-end=\"2450\"> <p data-start=\"2360\" data-end=\"2450\"><strong data-start=\"2360\" data-end=\"2377\">Google Chrome<\/strong>: <a target=\"_new\" rel=\"noopener\" data-start=\"2379\" data-end=\"2448\">Instrucciones<\/a><\/p> <\/li> <li data-start=\"2451\" data-end=\"2543\"> <p data-start=\"2453\" data-end=\"2543\"><strong data-start=\"2453\" data-end=\"2472\">Mozilla Firefox<\/strong>: <a target=\"_new\" rel=\"noopener\" data-start=\"2474\" data-end=\"2541\">Instrucciones<\/a><\/p> <\/li> <li data-start=\"2544\" data-end=\"2635\"> <p data-start=\"2546\" data-end=\"2635\"><strong data-start=\"2546\" data-end=\"2556\">Safari<\/strong>: <a target=\"_new\" rel=\"noopener\" data-start=\"2558\" data-end=\"2633\">Instrucciones<\/a><\/p> <\/li> <li data-start=\"2636\" data-end=\"2755\"> <p data-start=\"2638\" data-end=\"2755\"><strong data-start=\"2638\" data-end=\"2656\">Microsoft Edge<\/strong>: <a target=\"_new\" rel=\"noopener\" data-start=\"2658\" data-end=\"2753\">Instrucciones<\/a><\/p> <\/li> <\/ul> <p data-start=\"2757\" data-end=\"2889\">Ten en cuenta que desactivar ciertas cookies puede afectar al correcto funcionamiento de la Web o limitar algunas funcionalidades.<\/p> <h3 data-start=\"2896\" data-end=\"2929\"><br>Enlaces a sitios de terceros<\/h3> <p data-start=\"2930\" data-end=\"3239\">Esta Web puede contener enlaces o contenidos incrustados de sitios web de terceros (por ejemplo, v\u00eddeos de YouTube). Cederna Garalur no controla las cookies utilizadas por estos terceros y no se hace responsable de sus pol\u00edticas. Se recomienda revisar directamente las pol\u00edticas de cookies de dichos sitios.<\/p> <h3 data-start=\"3246\" data-end=\"3284\"><br>Cambios en la Pol\u00edtica de Cookies<\/h3> <p data-start=\"3285\" data-end=\"3552\">Cederna Garalur se reserva el derecho de modificar o actualizar esta Pol\u00edtica de Cookies en cualquier momento, con el fin de adaptarla a posibles cambios legales, t\u00e9cnicos o de uso. Cualquier modificaci\u00f3n entrar\u00e1 en vigor en el momento en que se publique en la Web.<\/p> <h3 data-start=\"3559\" data-end=\"3572\"><br>Contacto<\/h3> <p data-start=\"3573\" data-end=\"3663\">Para cualquier duda sobre el uso de cookies en esta Web, puedes ponerte en contacto con:<\/p> <p data-start=\"3665\" data-end=\"3686\"><strong data-start=\"3665\" data-end=\"3684\">Cederna Garalur<\/strong><\/p> <ul data-start=\"3687\" data-end=\"3798\"> <li data-start=\"3687\" data-end=\"3744\"> <p data-start=\"3689\" data-end=\"3744\">Direcci\u00f3n: Calle Berriobide 40, Pamplona, Spain 31013<\/p> <\/li> <li data-start=\"3745\" data-end=\"3771\"> <p data-start=\"3747\" data-end=\"3771\">Tel\u00e9fono: 948 20 66 97<\/p> <\/li> <li data-start=\"3772\" data-end=\"3798\"> <p data-start=\"3774\" data-end=\"3798\">Email: <a rel=\"noopener\" data-start=\"3781\" data-end=\"3796\">info@cederna.es<\/a><\/p> <\/li> <\/ul>","_links":{"self":[{"href":"https:\/\/accescity.accesia.info\/eu\/wp-json\/wp\/v2\/pages\/636","targetHints":{"allow":["GET"]}}],"collection":[{"href":"https:\/\/accescity.accesia.info\/eu\/wp-json\/wp\/v2\/pages"}],"about":[{"href":"https:\/\/accescity.accesia.info\/eu\/wp-json\/wp\/v2\/types\/page"}],"author":[{"embeddable":true,"href":"https:\/\/accescity.accesia.info\/eu\/wp-json\/wp\/v2\/users\/1"}],"replies":[{"embeddable":true,"href":"https:\/\/accescity.accesia.info\/eu\/wp-json\/wp\/v2\/comments?post=636"}],"version-history":[{"count":8,"href":"https:\/\/accescity.accesia.info\/eu\/wp-json\/wp\/v2\/pages\/636\/revisions"}],"predecessor-version":[{"id":726,"href":"https:\/\/accescity.accesia.info\/eu\/wp-json\/wp\/v2\/pages\/636\/revisions\/726"}],"wp:attachment":[{"href":"https:\/\/accescity.accesia.info\/eu\/wp-json\/wp\/v2\/media?parent=636"}],"curies":[{"name":"wp","href":"https:\/\/api.w.org\/{rel}","templated":true}]}}