{"id":640,"date":"2025-09-19T20:35:35","date_gmt":"2025-09-19T18:35:35","guid":{"rendered":"https:\/\/accescity.accesia.info\/politica-de-cookies-copy\/"},"modified":"2025-10-01T17:19:47","modified_gmt":"2025-10-01T15:19:47","slug":"aviso-legal","status":"publish","type":"page","link":"https:\/\/accescity.accesia.info\/eu\/aviso-legal\/","title":{"rendered":"Lege oharra"},"content":{"rendered":"<!--themify_builder_content-->\n<div id=\"themify_builder_content-640\" data-postid=\"640\" class=\"themify_builder_content themify_builder_content-640 themify_builder tf_clear\">\n                    <div  data-lazy=\"1\" class=\"module_row themify_builder_row tb_xg8r606 tb_first tf_w\">\n                        <div class=\"row_inner col_align_top tb_col_count_1 tf_box tf_rel\">\n                        <div  data-lazy=\"1\" class=\"module_column tb-column col-full tb_ecqr171 first\">\n                            <div  data-lazy=\"1\" class=\"module_subrow themify_builder_sub_row tf_w col_align_top tb_col_count_1 tb_prmh771\">\n                <div  data-lazy=\"1\" class=\"module_column sub_column col-full tb_6x7c607 first\">\n                    <!-- module text -->\n<div  class=\"module module-text tb_p0vs000\" data-lazy=\"1\">\n        <div  class=\"tb_text_wrap\">\n        <h2 data-start=\"118\" data-end=\"306\"><strong>Lege oharra<\/strong><\/h2>\n<h3 data-start=\"2366\" data-end=\"2396\">\nWebgunearen jabetza<\/h3>\n<p data-start=\"2397\" data-end=\"2433\">Webgune hau honako hauei dagokie:<\/p>\n<ul data-start=\"2434\" data-end=\"2673\">\n<li data-start=\"2434\" data-end=\"2521\">\n<p data-start=\"2436\" data-end=\"2521\"><strong data-start=\"2436\" data-end=\"2448\">Entitatea:<\/strong> Cederna Garalur (Nafarroako Mendialdeko Landa Garapen Elkartea)<\/p>\n<\/li>\n<li data-start=\"2522\" data-end=\"2583\">\n<p data-start=\"2524\" data-end=\"2583\"><strong data-start=\"2524\" data-end=\"2538\">Helbidea:<\/strong> Berriobide kalea 40, Iru\u00f1a, Espainia 31013<\/p>\n<\/li>\n<li data-start=\"2584\" data-end=\"2614\">\n<p data-start=\"2586\" data-end=\"2614\"><strong data-start=\"2586\" data-end=\"2599\">Telefonoa:<\/strong> 948 20 66 97<\/p>\n<\/li>\n<li data-start=\"2615\" data-end=\"2645\">\n<p data-start=\"2617\" data-end=\"2645\"><strong data-start=\"2617\" data-end=\"2627\">Helbide elektronikoa:<\/strong> <a class=\"decorated-link cursor-pointer\" rel=\"noopener\" data-start=\"2628\" data-end=\"2643\">info@cederna.es<\/a><\/p>\n<\/li>\n<li data-start=\"2646\" data-end=\"2673\">\n<p data-start=\"2648\" data-end=\"2673\"><strong data-start=\"2648\" data-end=\"2656\">Webgunea:<\/strong> <a class=\"decorated-link\" href=\"http:\/\/www.cederna.eu\" target=\"_new\" rel=\"noopener\" data-start=\"2657\" data-end=\"2671\">www.cederna.eu<\/a><\/p>\n<\/li>\n<\/ul>\n<h3 data-start=\"2874\" data-end=\"2913\">\nJabetza intelektuala eta industriala<\/h3>\n<p data-start=\"2914\" data-end=\"3190\">Webgune honetako eduki, testu, irudi, diseinu, logotipo eta bestelako elementu grafiko edo ikus-entzunezko guztiak Cederna Garalurren edo haien erabilera baimendu duten hirugarrenen jabetzakoak dira. Debekatuta dago erreproduzitzea, banatzea edo aldatzea berariazko baimenik gabe.<\/p>\n<h3 data-start=\"3192\" data-end=\"3230\">\nEdukiaren erantzukizuna.<\/h3>\n<p data-start=\"3231\" data-end=\"3394\">Cederna Garalurrek ez du bermatzen Webgunera edo haren edukietara sartzean akatsik ez dagoenik, nahiz eta horiek saihesteko eta zuzentzeko lan egiteko konpromisoa hartzen duen.<\/p>\n<p data-start=\"3396\" data-end=\"3492\">Ez da webgunean egon daitezkeen kanpoko esteken edukiaren erantzule.<\/p>\n<h3 data-start=\"3494\" data-end=\"3518\">\nAplikagarri diren araudiak<\/h3>\n<p data-start=\"3519\" data-end=\"3714\">Jabearen eta erabiltzaileen arteko harremana Espainiako indarrean dagoen legeriaren arabera arautzen da, zehazki Informazio Gizartearen Zerbitzuei eta Merkataritza Elektronikoari buruzko 34\/2002 Legearen arabera (LSSI-CE).<\/p>\n    <\/div>\n<\/div>\n<!-- \/module text -->        <\/div>\n                    <\/div>\n                <\/div>\n                        <\/div>\n        <\/div>\n        <\/div>\n<!--\/themify_builder_content-->\n\n\n<p><\/p>","protected":false},"excerpt":{"rendered":"","protected":false},"author":1,"featured_media":0,"parent":0,"menu_order":0,"comment_status":"closed","ping_status":"closed","template":"","meta":{"footnotes":""},"class_list":["post-640","page","type-page","status-publish","hentry","has-post-title","has-post-date","has-post-category","has-post-tag","has-post-comment","has-post-author",""],"yoast_head":"<!-- This site is optimized with the Yoast SEO plugin v26.4 - https:\/\/yoast.com\/wordpress\/plugins\/seo\/ -->\n<title>Aviso legal - Cederna Garalur<\/title>\n<meta name=\"robots\" content=\"noindex, follow, max-snippet:-1, max-image-preview:large, max-video-preview:-1\" \/>\n<meta property=\"og:locale\" content=\"en_US\" \/>\n<meta property=\"og:type\" content=\"article\" \/>\n<meta property=\"og:title\" content=\"Aviso legal - Cederna Garalur\" \/>\n<meta property=\"og:url\" content=\"https:\/\/accescity.accesia.info\/eu\/aviso-legal\/\" \/>\n<meta property=\"og:site_name\" content=\"Cederna Garalur\" \/>\n<meta property=\"article:modified_time\" content=\"2025-10-01T15:19:47+00:00\" \/>\n<meta name=\"twitter:card\" content=\"summary_large_image\" \/>\n<meta name=\"twitter:label1\" content=\"Est. reading time\" \/>\n\t<meta name=\"twitter:data1\" content=\"1 minutua\" \/>\n<script type=\"application\/ld+json\" class=\"yoast-schema-graph\">{\"@context\":\"https:\/\/schema.org\",\"@graph\":[{\"@type\":\"WebPage\",\"@id\":\"https:\/\/accescity.accesia.info\/aviso-legal\/\",\"url\":\"https:\/\/accescity.accesia.info\/aviso-legal\/\",\"name\":\"Aviso legal - Cederna Garalur\",\"isPartOf\":{\"@id\":\"https:\/\/accescity.accesia.info\/#website\"},\"datePublished\":\"2025-09-19T18:35:35+00:00\",\"dateModified\":\"2025-10-01T15:19:47+00:00\",\"breadcrumb\":{\"@id\":\"https:\/\/accescity.accesia.info\/aviso-legal\/#breadcrumb\"},\"inLanguage\":\"eu\",\"potentialAction\":[{\"@type\":\"ReadAction\",\"target\":[\"https:\/\/accescity.accesia.info\/aviso-legal\/\"]}]},{\"@type\":\"BreadcrumbList\",\"@id\":\"https:\/\/accescity.accesia.info\/aviso-legal\/#breadcrumb\",\"itemListElement\":[{\"@type\":\"ListItem\",\"position\":1,\"name\":\"Portada\",\"item\":\"https:\/\/accescity.accesia.info\/\"},{\"@type\":\"ListItem\",\"position\":2,\"name\":\"Aviso legal\"}]},{\"@type\":\"WebSite\",\"@id\":\"https:\/\/accescity.accesia.info\/#website\",\"url\":\"https:\/\/accescity.accesia.info\/\",\"name\":\"Cederna Garalur\",\"description\":\"Plazaola \u2013 Sakana \u2013 Ultzamaldea da un paso m\u00e1s hacia la accesibilidad con un plan que busca convertir el territorio en un referente de turismo inclusivo, sostenible y aut\u00e9ntico. Un proyecto abierto a instituciones, empresas y ciudadan\u00eda para que nadie se quede atr\u00e1s.\",\"potentialAction\":[{\"@type\":\"SearchAction\",\"target\":{\"@type\":\"EntryPoint\",\"urlTemplate\":\"https:\/\/accescity.accesia.info\/?s={search_term_string}\"},\"query-input\":{\"@type\":\"PropertyValueSpecification\",\"valueRequired\":true,\"valueName\":\"search_term_string\"}}],\"inLanguage\":\"eu\"}]}<\/script>\n<!-- \/ Yoast SEO plugin. -->","yoast_head_json":{"title":"Aviso legal - Cederna Garalur","robots":{"index":"noindex","follow":"follow","max-snippet":"max-snippet:-1","max-image-preview":"max-image-preview:large","max-video-preview":"max-video-preview:-1"},"og_locale":"en_US","og_type":"article","og_title":"Aviso legal - Cederna Garalur","og_url":"https:\/\/accescity.accesia.info\/eu\/aviso-legal\/","og_site_name":"Cederna Garalur","article_modified_time":"2025-10-01T15:19:47+00:00","twitter_card":"summary_large_image","twitter_misc":{"Est. reading time":"1 minutua"},"schema":{"@context":"https:\/\/schema.org","@graph":[{"@type":"WebPage","@id":"https:\/\/accescity.accesia.info\/aviso-legal\/","url":"https:\/\/accescity.accesia.info\/aviso-legal\/","name":"Aviso legal - Cederna Garalur","isPartOf":{"@id":"https:\/\/accescity.accesia.info\/#website"},"datePublished":"2025-09-19T18:35:35+00:00","dateModified":"2025-10-01T15:19:47+00:00","breadcrumb":{"@id":"https:\/\/accescity.accesia.info\/aviso-legal\/#breadcrumb"},"inLanguage":"eu","potentialAction":[{"@type":"ReadAction","target":["https:\/\/accescity.accesia.info\/aviso-legal\/"]}]},{"@type":"BreadcrumbList","@id":"https:\/\/accescity.accesia.info\/aviso-legal\/#breadcrumb","itemListElement":[{"@type":"ListItem","position":1,"name":"Portada","item":"https:\/\/accescity.accesia.info\/"},{"@type":"ListItem","position":2,"name":"Aviso legal"}]},{"@type":"WebSite","@id":"https:\/\/accescity.accesia.info\/#website","url":"https:\/\/accescity.accesia.info\/","name":"Cederna Garalur","description":"Plazaola\u2013Sakana\u2013Ultzamaldea irisgarritasunaren aldeko beste urrats bat ematen ari da, eskualdea turismo inklusibo, jasangarri eta benetakoaren erreferente bihurtzeko plan batekin. Proiektu hau erakunde, enpresa eta herritarrentzat irekita dago, inor atzean geratu ez dadin.","potentialAction":[{"@type":"SearchAction","target":{"@type":"EntryPoint","urlTemplate":"https:\/\/accescity.accesia.info\/?s={search_term_string}"},"query-input":{"@type":"PropertyValueSpecification","valueRequired":true,"valueName":"search_term_string"}}],"inLanguage":"eu"}]}},"builder_content":"<h2 data-start=\"118\" data-end=\"306\"><strong>Aviso legal<\/strong><\/h2> <h3 data-start=\"2366\" data-end=\"2396\"> Titularidad del sitio web<\/h3> <p data-start=\"2397\" data-end=\"2433\">El presente sitio web pertenece a:<\/p> <ul data-start=\"2434\" data-end=\"2673\"> <li data-start=\"2434\" data-end=\"2521\"> <p data-start=\"2436\" data-end=\"2521\"><strong data-start=\"2436\" data-end=\"2448\">Entidad:<\/strong> Cederna Garalur (Asociaci\u00f3n de Desarrollo Rural de Monta\u00f1a de Navarra)<\/p> <\/li> <li data-start=\"2522\" data-end=\"2583\"> <p data-start=\"2524\" data-end=\"2583\"><strong data-start=\"2524\" data-end=\"2538\">Direcci\u00f3n:<\/strong> Calle Berriobide 40, Pamplona, Spain 31013<\/p> <\/li> <li data-start=\"2584\" data-end=\"2614\"> <p data-start=\"2586\" data-end=\"2614\"><strong data-start=\"2586\" data-end=\"2599\">Tel\u00e9fono:<\/strong> 948 20 66 97<\/p> <\/li> <li data-start=\"2615\" data-end=\"2645\"> <p data-start=\"2617\" data-end=\"2645\"><strong data-start=\"2617\" data-end=\"2627\">Email:<\/strong> <a rel=\"noopener\" data-start=\"2628\" data-end=\"2643\">info@cederna.es<\/a><\/p> <\/li> <li data-start=\"2646\" data-end=\"2673\"> <p data-start=\"2648\" data-end=\"2673\"><strong data-start=\"2648\" data-end=\"2656\">Web:<\/strong> <a href=\"http:\/\/www.cederna.eu\" target=\"_new\" rel=\"noopener\" data-start=\"2657\" data-end=\"2671\">www.cederna.eu<\/a><\/p> <\/li> <\/ul> <h3 data-start=\"2874\" data-end=\"2913\"> Propiedad intelectual e industrial<\/h3> <p data-start=\"2914\" data-end=\"3190\">Todos los contenidos, textos, im\u00e1genes, dise\u00f1os, logotipos y dem\u00e1s elementos gr\u00e1ficos o audiovisuales de esta Web son propiedad de Cederna Garalur o de terceros que han autorizado su uso. Queda prohibida su reproducci\u00f3n, distribuci\u00f3n o modificaci\u00f3n sin autorizaci\u00f3n expresa.<\/p> <h3 data-start=\"3192\" data-end=\"3230\"> Responsabilidad de los contenidos<\/h3> <p data-start=\"3231\" data-end=\"3394\">Cederna Garalur no garantiza la inexistencia de errores en el acceso a la Web ni en sus contenidos, aunque se compromete a trabajar para evitarlos y subsanarlos.<\/p> <p data-start=\"3396\" data-end=\"3492\">No se responsabiliza de los contenidos de los enlaces externos que puedan incluirse en la Web.<\/p> <h3 data-start=\"3494\" data-end=\"3518\"> Normativa aplicable<\/h3> <p data-start=\"3519\" data-end=\"3714\">La relaci\u00f3n entre el titular y los usuarios se rige por la normativa espa\u00f1ola vigente, en especial la Ley 34\/2002 de Servicios de la Sociedad de la Informaci\u00f3n y Comercio Electr\u00f3nico (LSSI-CE).<\/p>","_links":{"self":[{"href":"https:\/\/accescity.accesia.info\/eu\/wp-json\/wp\/v2\/pages\/640","targetHints":{"allow":["GET"]}}],"collection":[{"href":"https:\/\/accescity.accesia.info\/eu\/wp-json\/wp\/v2\/pages"}],"about":[{"href":"https:\/\/accescity.accesia.info\/eu\/wp-json\/wp\/v2\/types\/page"}],"author":[{"embeddable":true,"href":"https:\/\/accescity.accesia.info\/eu\/wp-json\/wp\/v2\/users\/1"}],"replies":[{"embeddable":true,"href":"https:\/\/accescity.accesia.info\/eu\/wp-json\/wp\/v2\/comments?post=640"}],"version-history":[{"count":8,"href":"https:\/\/accescity.accesia.info\/eu\/wp-json\/wp\/v2\/pages\/640\/revisions"}],"predecessor-version":[{"id":768,"href":"https:\/\/accescity.accesia.info\/eu\/wp-json\/wp\/v2\/pages\/640\/revisions\/768"}],"wp:attachment":[{"href":"https:\/\/accescity.accesia.info\/eu\/wp-json\/wp\/v2\/media?parent=640"}],"curies":[{"name":"wp","href":"https:\/\/api.w.org\/{rel}","templated":true}]}}